{"id":542,"date":"2024-02-20T12:50:56","date_gmt":"2024-02-20T11:50:56","guid":{"rendered":"https:\/\/xperimentalpark.com\/licentiehouder-worden\/"},"modified":"2026-03-14T09:28:19","modified_gmt":"2026-03-14T08:28:19","slug":"licentiehouder-worden","status":"publish","type":"page","link":"https:\/\/xperimentalpark.com\/nl\/licentiehouder-worden\/","title":{"rendered":"Licentiehouder worden"},"content":{"rendered":"\n<div class=\"wp-block-media-text alignfull is-stacked-on-mobile is-vertically-aligned-top is-image-fill-element\"><figure class=\"wp-block-media-text__media\"><img loading=\"lazy\" decoding=\"async\" width=\"1024\" height=\"768\" src=\"https:\/\/xperimentalpark.com\/wp-content\/uploads\/2024\/02\/JEUX-ARCADES-COMPIEGNE-1024x768.jpg\" alt=\"\" class=\"wp-image-71 size-full\" style=\"object-position:50% 50%\" srcset=\"https:\/\/xperimentalpark.com\/wp-content\/uploads\/2024\/02\/JEUX-ARCADES-COMPIEGNE-1024x768.jpg 1024w, https:\/\/xperimentalpark.com\/wp-content\/uploads\/2024\/02\/JEUX-ARCADES-COMPIEGNE-300x225.jpg 300w, https:\/\/xperimentalpark.com\/wp-content\/uploads\/2024\/02\/JEUX-ARCADES-COMPIEGNE-768x576.jpg 768w, https:\/\/xperimentalpark.com\/wp-content\/uploads\/2024\/02\/JEUX-ARCADES-COMPIEGNE-800x600.jpg 800w, https:\/\/xperimentalpark.com\/wp-content\/uploads\/2024\/02\/JEUX-ARCADES-COMPIEGNE-256x192.jpg 256w, https:\/\/xperimentalpark.com\/wp-content\/uploads\/2024\/02\/JEUX-ARCADES-COMPIEGNE.jpg 1181w\" sizes=\"auto, (max-width: 1024px) 100vw, 1024px\" \/><\/figure><div class=\"wp-block-media-text__content\">\n<h2 class=\"wp-block-heading\">Waarom kiezen voor Exp\u00e9rimental Park?<\/h2>\n\n\n\n<p>Registratiekiosken doen ook dienst als kassa (voor creditcards en contant geld). Ze zijn volledig geautomatiseerd, beperken het aantal personeelsleden en voorkomen diefstal. <\/p>\n\n\n\n<p>In een team is geen enkele speler toeschouwer; alle leden zijn betrokken en spelen. Iedereen krijgt waar voor zijn geld. <\/p>\n\n\n\n<p>Elke speler heeft een RFID-polsbandje dat zowel zijn persoonlijke score als die van het team registreert.<\/p>\n\n\n\n<p>De spellen worden aangepast aan het aantal deelnemers en hun leeftijd.<\/p>\n\n\n\n<p>Teams kunnen kiezen uit drie moeilijkheidsniveaus voor elk onderdeel: Gemakkelijk &#8211; Gemiddeld &#8211; Moeilijk.<\/p>\n\n\n\n<p>4 &#8220;bonus&#8221;-terminals in de tijdcorridor om de scores te verhogen (in ontwikkeling).<\/p>\n\n\n\n<p>EXPERIMENTAL PARK is winstgevender dan zijn concurrenten: in een opstelling met 30 kamers kunnen 150 mensen tegelijkertijd spelen.<\/p>\n\n\n\n<p>Elke deelnemer ontvangt een e-mail met de score en de foto van de groep vrienden of collega&#8217;s met wie ze zojuist de ervaring hebben gedeeld.<\/p>\n\n\n\n<p>EXPERIMENTAL PARK kan op zichzelf staan of in combinatie met een ander activiteiten- of vrijetijdscentrum.<\/p>\n\n\n\n<p>Er is geen personeel nodig om de spellen te lanceren (briefing). E\u00e9n parttime persoon is alles wat je nodig hebt voor het onderhoud. <\/p>\n\n\n\n<p>EXPERIMENTAL PARK, 3 financieringsoplossingen voor elk budget.<\/p>\n<\/div><\/div>\n\n<div style=\"height:100px\" aria-hidden=\"true\" class=\"wp-block-spacer\"><\/div>\n\n<h2 class=\"wp-block-heading has-text-align-center\">Twee <mark style=\"background-color:rgba(0, 0, 0, 0)\" class=\"has-inline-color has-orange-color\">mogelijke<\/mark> configuraties<\/h2>\n\n<div style=\"height:100px\" aria-hidden=\"true\" class=\"wp-block-spacer\"><\/div>\n\n<div class=\"wp-block-columns alignwide is-layout-flex wp-container-core-columns-is-layout-9d6595d7 wp-block-columns-is-layout-flex\">\n<div class=\"wp-block-column is-layout-flow wp-block-column-is-layout-flow\">\n<h3 class=\"wp-block-heading\"><mark style=\"background-color:rgba(0, 0, 0, 0)\" class=\"has-inline-color has-orange-color\">solo<\/mark> configuratie<\/h3>\n\n\n\n<h4 class=\"wp-block-heading\">LOCATIE<\/h4>\n\n\n\n<p>Om een experimenteel park te cre\u00ebren, moet de locatie in een druk winkelgebied liggen of, nog beter, in een gebied waar al vrijetijdsactiviteiten zijn (restaurants, bioscopen, bowlingbanen, enz.), met een goede zichtbaarheid, gemakkelijke toegang en parkeergelegenheid.<br\/>Vereiste oppervlakte: 1.000 tot 1.500 m\u00b2.<\/p>\n<\/div>\n\n\n\n<div class=\"wp-block-column is-layout-flow wp-block-column-is-layout-flow\">\n<h3 class=\"wp-block-heading\"><mark style=\"background-color:rgba(0, 0, 0, 0)\" class=\"has-inline-color has-orange-color\">ge\u00efntegreerde<\/mark> configuratie<\/h3>\n\n\n\n<h4 class=\"wp-block-heading\">LOCATIE<\/h4>\n\n\n\n<p>Experimentele parken kunnen worden toegevoegd aan of ge\u00efntegreerd in bestaande vrijetijdsactiviteiten (bioscoop, bowling, karting, enz.) om ze een nieuw leven en nieuwe aantrekkingskracht te geven.<br\/>Vereiste oppervlakte: 500 \/ 600 m\u00b2.<\/p>\n<\/div>\n<\/div>\n\n<div class=\"wp-block-columns alignwide is-layout-flex wp-container-core-columns-is-layout-9d6595d7 wp-block-columns-is-layout-flex\">\n<div class=\"wp-block-column is-layout-flow wp-block-column-is-layout-flow\">\n<h4 class=\"wp-block-heading\">Belangrijke cijfers<\/h4>\n\n\n\n<div class=\"wp-block-group has-fond-jaune-motif-background-color has-background\"><div class=\"wp-block-group__inner-container is-layout-constrained wp-block-group-is-layout-constrained\">\n<p><strong>Aantal opnames: 55.000 en 83.000\/jaar<\/strong><\/p>\n\n\n\n<p><strong>Gemiddelde mand \u20acXX.XX<\/strong> <mark style=\"background-color:rgba(0, 0, 0, 0)\" class=\"has-inline-color has-bleu-ciel-color\"><a href=\"https:\/\/xperimentalpark.com\/contact\/\">(meer<\/a><a href=\"https:\/\/xperimentalpark.com\/contact\/\" target=\"_blank\" rel=\"noreferrer noopener\">meer)<\/a><\/mark><\/p>\n\n\n\n<p><strong>Omzet tussen XXX XXX \u20ac en X XXX XXX miljoen<\/strong><\/p>\n\n\n\n<p><strong>Personeel van 3\/6<\/strong> <strong>(bar, receptie, 1\/2 technicus)<\/strong><\/p>\n<\/div><\/div>\n<\/div>\n\n\n\n<div class=\"wp-block-column is-layout-flow wp-block-column-is-layout-flow\">\n<h4 class=\"wp-block-heading\">Belangrijke cijfers<\/h4>\n\n\n\n<div class=\"wp-block-group has-fond-jaune-motif-background-color has-background\"><div class=\"wp-block-group__inner-container is-layout-constrained wp-block-group-is-layout-constrained\">\n<p><strong>Aantal opnames: 28.000 tot 48.000\/jaar<\/strong><\/p>\n\n\n\n<p><strong>Gemiddelde mand: \u20acXX.XX<\/strong> <mark style=\"background-color:rgba(0, 0, 0, 0)\" class=\"has-inline-color has-bleu-ciel-color\"><a href=\"https:\/\/xperimentalpark.com\/contact\/\" target=\"_blank\" rel=\"noreferrer noopener\">(voor meer informatie)<\/a><\/mark><\/p>\n\n\n\n<p><strong>CA <strong>XXX XXX<\/strong> tot <strong>XXX XXX<\/strong> \u20ac,<\/strong><\/p>\n\n\n\n<p><strong>Personeel: 1\/2 technisch persoon<\/strong><\/p>\n<\/div><\/div>\n<\/div>\n<\/div>\n\n<div class=\"wp-block-columns alignwide is-layout-flex wp-container-core-columns-is-layout-9d6595d7 wp-block-columns-is-layout-flex\">\n<div class=\"wp-block-column is-layout-flow wp-block-column-is-layout-flow\">\n<h4 class=\"wp-block-heading\">Investering<\/h4>\n\n\n\n<p>Afhankelijk van het aantal zalen liggen de kosten voor het installeren van een Experimental Park met een bar en een speelhal tussen \u20ac900.000 en \u20ac1.300.000, inclusief de complete inrichting, scheidingswanden, airconditioning, elektriciteit, automatische systemen, IT en software.  <\/p>\n\n\n\n<h4 class=\"wp-block-heading\">Optie:  <\/h4>\n\n\n\n<p>de behandeling van de gedecoreerde gevels, betaalautomaten, glazen portalen, tourniquets en Karaoke\/Quiz modules. Afhankelijk van het aantal kamers, de installatiekosten. <\/p>\n<\/div>\n\n\n\n<div class=\"wp-block-column is-layout-flow wp-block-column-is-layout-flow\">\n<h4 class=\"wp-block-heading\">Investering<\/h4>\n\n\n\n<p>Afhankelijk van het aantal kamers*, liggen de kosten voor het installeren van een ExperimentalPark tussen \u20ac450.000 en \u20ac750.000, inclusief:<br\/>volledige lay-out, scheidingswanden, airconditioning, elektriciteit, automatisering, IT en software.<\/p>\n\n\n\n<h4 class=\"wp-block-heading\">Optie:<\/h4>\n\n\n\n<p>behandeling van gedecoreerde gevels, betaalautomaten, glazen portalen, tourniquets, karaoke\/ quiz-modules, enz.<\/p>\n<\/div>\n<\/div>\n\n<div class=\"wp-block-group alignfull has-orange-color has-fond-bleu-motif-background-color has-text-color has-background has-link-color wp-elements-eb7a51e07e50ea7a35ef87c1c2b38f82\" style=\"padding-top:var(--wp--preset--spacing--60);padding-bottom:var(--wp--preset--spacing--60)\"><div class=\"wp-block-group__inner-container is-layout-constrained wp-block-group-is-layout-constrained\">\n<p class=\"has-text-align-center is-style-paragraphe-25-px-semi-bold has-medium-font-size\">Een catalogus van 40 speelzalen is beschikbaar voor leden.  <br\/>Hoewel er minimaal 20 kamers nodig zijn, is het ideale aantal 30.<\/p>\n<\/div><\/div>\n\n<div style=\"height:100px\" aria-hidden=\"true\" class=\"wp-block-spacer\"><\/div>\n\n<div class=\"wp-block-media-text alignfull is-stacked-on-mobile is-image-fill-element has-bleu-ciel-background-color has-background\"><figure class=\"wp-block-media-text__media\"><img loading=\"lazy\" decoding=\"async\" width=\"1024\" height=\"683\" src=\"https:\/\/xperimentalpark.com\/wp-content\/uploads\/2024\/02\/experimental-jaux-1024x683.jpg\" alt=\"Proefpark Jaux Compi\u00e8gne\" class=\"wp-image-75 size-full\" style=\"object-position:50% 50%\" srcset=\"https:\/\/xperimentalpark.com\/wp-content\/uploads\/2024\/02\/experimental-jaux-1024x683.jpg 1024w, https:\/\/xperimentalpark.com\/wp-content\/uploads\/2024\/02\/experimental-jaux-300x200.jpg 300w, https:\/\/xperimentalpark.com\/wp-content\/uploads\/2024\/02\/experimental-jaux-768x512.jpg 768w, https:\/\/xperimentalpark.com\/wp-content\/uploads\/2024\/02\/experimental-jaux-1536x1024.jpg 1536w, https:\/\/xperimentalpark.com\/wp-content\/uploads\/2024\/02\/experimental-jaux-800x533.jpg 800w, https:\/\/xperimentalpark.com\/wp-content\/uploads\/2024\/02\/experimental-jaux-256x171.jpg 256w, https:\/\/xperimentalpark.com\/wp-content\/uploads\/2024\/02\/experimental-jaux.jpg 1960w\" sizes=\"auto, (max-width: 1024px) 100vw, 1024px\" \/><\/figure><div class=\"wp-block-media-text__content\">\n<h2 class=\"wp-block-heading\">Financiering<\/h2>\n\n\n\n<p class=\"has-medium-font-size\"><strong>Er zijn 3 mogelijke oplossingen voor de financiering van de aanleg van een EXPERIMENTAL PARK:<\/strong><\/p>\n\n\n\n<p>Bankkrediet, eigen bijdrage van 10 tot 30%<br\/>Leasingoplossingen<br\/>Vereniging voor bepaalde tijd<\/p>\n\n\n\n<h2 class=\"wp-block-heading\">Merklicenties<\/h2>\n\n\n\n<p>Inschrijfgeld: \u20ac15.000<\/p>\n\n\n\n<p>Merklicentie: \u20ac29.000 \/ jaar <a href=\"https:\/\/xperimentalpark.com\/contact\/\">(meer informatie)<\/a><a href=\"https:\/\/xperimentalpark.com\/contact\/\" target=\"_blank\" rel=\"noreferrer noopener\"><br\/><\/a>(Gebruik van het merk, online reserveren (integratie van uw eigen tool of gebruik van onze kant-en-klare partnertool), lokale en nationale communicatiemedia, evenementen&#8230;)<\/p>\n\n\n\n<p>Contractduur: 10 jaar<\/p>\n\n\n\n<p>Softwarehuur: \u20ac1 per spel per persoon voor de software<\/p>\n<\/div><\/div>\n\n<div class=\"wp-block-group alignfull has-fond-jaune-motif-background-color has-background\"><div class=\"wp-block-group__inner-container is-layout-constrained wp-block-group-is-layout-constrained\">\n<div style=\"height:100px\" aria-hidden=\"true\" class=\"wp-block-spacer\"><\/div>\n\n\n\n<div class=\"wp-block-columns alignwide is-layout-flex wp-container-core-columns-is-layout-9d6595d7 wp-block-columns-is-layout-flex\">\n<div class=\"wp-block-column is-layout-flow wp-block-column-is-layout-flow\">\n<h2 class=\"wp-block-heading\">Een verslavend spel<\/h2>\n\n\n\n<p>De FHP Group, Franse leider in indoor vrijetijdsactiviteiten en bedenker van het merk SPEED PARK, heeft Experimental park ontwikkeld als antwoord op veranderingen in de markt en de verwachtingen van klanten die op zoek zijn naar steeds intensere en meeslepende ervaringen.<\/p>\n\n\n\n<p>Experimental park is een race tegen de klok door een parcours van evenementen waar teams hun verschillende maar complementaire vaardigheden combineren om de uitdagingen die hen worden gesteld te overwinnen.<br\/>Het succes van dit nieuwe project ligt in zijn vermogen om generaties samen te brengen rond activiteiten die zonder mate kunnen worden gedeeld tussen vrienden, familie of collega&#8217;s op het werk.<\/p>\n<\/div>\n\n\n\n<div class=\"wp-block-column is-layout-flow wp-block-column-is-layout-flow\">\n<h2 class=\"wp-block-heading\">Het doel van het spel<\/h2>\n\n\n\n<p>Het doel van het spel is om zoveel mogelijk punten (batterijladingen) te scoren tijdens een reis door verschillende tijdperken, waarbij spelers uitdagingen moeten overwinnen die vaardigheid, reflectie, cultuur, behendigheid en kracht vereisen.  <\/p>\n\n\n\n<p>Elke keer dat ze slagen voor een test krijgen de deelnemers, afhankelijk van hun scores, energiekredieten waarmee ze terug in de tijd kunnen gaan naar het heden.<\/p>\n<\/div>\n<\/div>\n\n\n\n<div style=\"height:100px\" aria-hidden=\"true\" class=\"wp-block-spacer\"><\/div>\n<\/div><\/div>\n\n<div class=\"wp-block-media-text alignfull has-media-on-the-right is-stacked-on-mobile is-image-fill-element\"><div class=\"wp-block-media-text__content\">\n<h2 class=\"wp-block-heading\">Onze <mark style=\"background-color:rgba(0, 0, 0, 0)\" class=\"has-inline-color has-orange-color\">klanten<\/mark><\/h2>\n\n\n\n<h3 class=\"wp-block-heading\">Algemeen publiek<\/h3>\n\n\n\n<p class=\"has-medium-font-size\">Alle leeftijden vanaf 7 jaar doen mee.<\/p>\n\n\n\n<h3 class=\"wp-block-heading\">Bedrijven<\/h3>\n\n\n\n<p>De aard van de spelen is bijzonder bevorderlijk voor groepsemulatie en de ontwikkeling van teamgeest.<br\/>Verkoop van teambuilding- en incentive-evenementen aan managementcomit\u00e9s.<br\/>Verkoop van tickets aan ondernemingsraden<br\/>Verkoop van advertentieruimte<\/p>\n\n\n\n<h4 class=\"wp-block-heading\">27 geplande openingen<\/h4>\n\n\n\n<p><strong>2023<br\/><\/strong>Compi\u00e8gne (60)<\/p>\n\n\n\n<p><strong>2024<\/strong><br\/>Rijsel &#8211; Vannes- Laval- Lomme<br\/><\/p>\n\n\n\n<p><strong>2025<\/strong><br\/>Middelkerke (Belgi\u00eb)<\/p>\n\n\n\n<p><strong>2026<\/strong><br\/>Madrid (Spanje) &#8211; Essonne 91 &#8211; Chamb\u00e9ry &#8211; Nantes &#8211; Luik (Belgi\u00eb) &#8211; Le Mans &#8211; Lyon  <\/p>\n\n\n\n<p><strong>2027<\/strong><\/p>\n\n\n\n<p>Claye Souilly &#8211; Vaucluse 84 -Sarcelles<\/p>\n\n\n\n<p>+ 12 in Handtekeningen<\/p>\n<\/div><figure class=\"wp-block-media-text__media\"><img loading=\"lazy\" decoding=\"async\" width=\"1024\" height=\"768\" src=\"https:\/\/xperimentalpark.com\/wp-content\/uploads\/2024\/02\/bar-exp-park-1024x768.jpg\" alt=\"Sportbar voor de Exp\u00e9rimental Park franchise\" class=\"wp-image-131 size-full\" style=\"object-position:50% 50%\" srcset=\"https:\/\/xperimentalpark.com\/wp-content\/uploads\/2024\/02\/bar-exp-park-1024x768.jpg 1024w, https:\/\/xperimentalpark.com\/wp-content\/uploads\/2024\/02\/bar-exp-park-300x225.jpg 300w, https:\/\/xperimentalpark.com\/wp-content\/uploads\/2024\/02\/bar-exp-park-768x576.jpg 768w, https:\/\/xperimentalpark.com\/wp-content\/uploads\/2024\/02\/bar-exp-park-1536x1152.jpg 1536w, https:\/\/xperimentalpark.com\/wp-content\/uploads\/2024\/02\/bar-exp-park-800x600.jpg 800w, https:\/\/xperimentalpark.com\/wp-content\/uploads\/2024\/02\/bar-exp-park-256x192.jpg 256w, https:\/\/xperimentalpark.com\/wp-content\/uploads\/2024\/02\/bar-exp-park.jpg 1560w\" sizes=\"auto, (max-width: 1024px) 100vw, 1024px\" \/><\/figure><\/div>\n\n<div class=\"wp-block-media-text alignfull is-stacked-on-mobile is-image-fill-element\"><figure class=\"wp-block-media-text__media\"><img loading=\"lazy\" decoding=\"async\" width=\"1024\" height=\"683\" src=\"https:\/\/xperimentalpark.com\/wp-content\/uploads\/2024\/02\/entree-action-game-1024x683.jpg\" alt=\"\" class=\"wp-image-132 size-full\" style=\"object-position:50% 50%\" srcset=\"https:\/\/xperimentalpark.com\/wp-content\/uploads\/2024\/02\/entree-action-game-1024x683.jpg 1024w, https:\/\/xperimentalpark.com\/wp-content\/uploads\/2024\/02\/entree-action-game-300x200.jpg 300w, https:\/\/xperimentalpark.com\/wp-content\/uploads\/2024\/02\/entree-action-game-768x512.jpg 768w, https:\/\/xperimentalpark.com\/wp-content\/uploads\/2024\/02\/entree-action-game-1536x1024.jpg 1536w, https:\/\/xperimentalpark.com\/wp-content\/uploads\/2024\/02\/entree-action-game-800x533.jpg 800w, https:\/\/xperimentalpark.com\/wp-content\/uploads\/2024\/02\/entree-action-game-256x171.jpg 256w, https:\/\/xperimentalpark.com\/wp-content\/uploads\/2024\/02\/entree-action-game.jpg 1560w\" sizes=\"auto, (max-width: 1024px) 100vw, 1024px\" \/><\/figure><div class=\"wp-block-media-text__content\">\n<h2 class=\"wp-block-heading\">Rond <mark style=\"background-color:rgba(0, 0, 0, 0)\" class=\"has-inline-color has-orange-color\">het spel<\/mark><\/h2>\n\n\n\n<p class=\"has-medium-font-size\">In een &#8220;solo&#8221; opstelling biedt EXPERIMENTAL PARK een ontvangstruimte met een warm en origineel decor, waar het publiek kan drinken, plezier maken en ontspannen, wat zorgt voor extra verkoop. Er zijn verschillende uitrustingsniveaus beschikbaar, afhankelijk van de beschikbare ruimte en het budget. <\/p>\n\n\n\n<h3 class=\"wp-block-heading\">Bar<\/h3>\n\n\n\n<p>Een bar om jezelf te herbronnen na een ervaring vol cocktails, frisdranken, warme dranken, wafels, nacho&#8217;s en aperitiefschotels.<\/p>\n\n\n\n<h3 class=\"wp-block-heading\">Lounge<\/h3>\n\n\n\n<p>Een loungeruimte waar je een gezellig moment met vrienden kunt doorbrengen onder het genot van een drankje of een spelletje pool.<\/p>\n\n\n\n<h3 class=\"wp-block-heading\">Sportstang<\/h3>\n\n\n\n<p>Gigantische schermen om de nieuwste sportevenementen te volgen en sportfans aan te trekken.<\/p>\n\n\n\n<h3 class=\"wp-block-heading\">Arcade SPELLEN<\/h3>\n\n\n\n<p>Een ruimte gewijd aan de nieuwste arcadegames, waarin virtual reality wordt gecombineerd met iconische games zoals King Kong of Skull Island, Sailor&#8217;s Quest en Moto Speed Rider 3.<br\/>Karaoke\/Quiz<br\/>Boxen om te zingen of te lachen (max. 8 personen).<\/p>\n\n\n\n<h3 class=\"wp-block-heading\">Bowling Vliegende Eend<\/h3>\n\n\n\n<p>Dit bowlingspel, dat op een kortere baan met een kleinere bal wordt gespeeld, biedt dezelfde sensaties als traditioneel bowlen.<\/p>\n<\/div><\/div>\n<div class=\"lazyblock-banniere-avec-boussole-Oqn9p alignfull alignfull  wp-block-lazyblock-banniere-avec-boussole\"><div class=\"banniere-boussole\">\n<div class=\"content gauche\">\n  <div class=\"image aos-init aos-animate\" data-aos=\"fade-right\" data-aos-offset=\"400\" data-aos-duration=\"800\" data-aos-easing=\"ease-out-cubic\">\n        <img decoding=\"async\" src=\"https:\/\/xperimentalpark.com\/wp-content\/uploads\/2024\/02\/tickets-entree-experimental-park.webp\" alt=\"\">\n  <\/div>\n  <div class=\"texte\">\n    <h2>Devenez Franchis\u00e9<br>\n    <span>Exp\u00e9rimental Park<\/span>\n    <\/h2>\n    <p>Prenez rendez-vous avec nous et parlons de votre projet Exp\u00e9rimental Park. Plein de possibilit\u00e9s s&#8217;offrent \u00e0 vous.<\/p>\n    <a href=\"https:\/\/xperimentalpark.com\/franchise-experimental-park\/\" title=\"Devenez Franchis\u00e9 Exp\u00e9rimental Park\">\n      Prendre Rendez-vous      <\/a>\n  <\/div>\n<\/div>\n<\/div><\/div>\n<div style=\"height:100px\" aria-hidden=\"true\" class=\"wp-block-spacer\"><\/div>\n","protected":false},"excerpt":{"rendered":"<p>Waarom kiezen voor Exp\u00e9rimental Park? Registratiekiosken doen ook dienst als kassa (voor creditcards en contant geld). Ze zijn volledig geautomatiseerd, beperken het aantal personeelsleden en voorkomen diefstal. In een team is geen enkele speler toeschouwer; alle leden zijn betrokken en spelen. Iedereen krijgt waar voor zijn geld. Elke speler heeft een RFID-polsbandje dat zowel zijn [&hellip;]<\/p>\n","protected":false},"author":1,"featured_media":543,"parent":0,"menu_order":0,"comment_status":"closed","ping_status":"closed","template":"","meta":{"footnotes":""},"class_list":["post-542","page","type-page","status-publish","has-post-thumbnail","hentry"],"_links":{"self":[{"href":"https:\/\/xperimentalpark.com\/nl\/wp-json\/wp\/v2\/pages\/542","targetHints":{"allow":["GET"]}}],"collection":[{"href":"https:\/\/xperimentalpark.com\/nl\/wp-json\/wp\/v2\/pages"}],"about":[{"href":"https:\/\/xperimentalpark.com\/nl\/wp-json\/wp\/v2\/types\/page"}],"author":[{"embeddable":true,"href":"https:\/\/xperimentalpark.com\/nl\/wp-json\/wp\/v2\/users\/1"}],"replies":[{"embeddable":true,"href":"https:\/\/xperimentalpark.com\/nl\/wp-json\/wp\/v2\/comments?post=542"}],"version-history":[{"count":7,"href":"https:\/\/xperimentalpark.com\/nl\/wp-json\/wp\/v2\/pages\/542\/revisions"}],"predecessor-version":[{"id":623,"href":"https:\/\/xperimentalpark.com\/nl\/wp-json\/wp\/v2\/pages\/542\/revisions\/623"}],"wp:featuredmedia":[{"embeddable":true,"href":"https:\/\/xperimentalpark.com\/nl\/wp-json\/wp\/v2\/media\/543"}],"wp:attachment":[{"href":"https:\/\/xperimentalpark.com\/nl\/wp-json\/wp\/v2\/media?parent=542"}],"curies":[{"name":"wp","href":"https:\/\/api.w.org\/{rel}","templated":true}]}}