{"id":448,"date":"2024-02-20T12:29:23","date_gmt":"2024-02-20T11:29:23","guid":{"rendered":"https:\/\/xperimentalpark.com\/home\/"},"modified":"2026-03-04T13:11:46","modified_gmt":"2026-03-04T12:11:46","slug":"home","status":"publish","type":"page","link":"https:\/\/xperimentalpark.com\/nl\/","title":{"rendered":"Home"},"content":{"rendered":"\n<div class=\"wp-block-media-text alignfull has-media-on-the-right is-stacked-on-mobile is-image-fill has-fond-jaune-motif-background-color has-background\"><div class=\"wp-block-media-text__content\">\n<div style=\"height:100px\" aria-hidden=\"true\" class=\"wp-block-spacer\"><\/div>\n\n\n<div class=\"wp-block-image\">\n<figure class=\"aligncenter size-full\"><img loading=\"lazy\" decoding=\"async\" width=\"392\" height=\"201\" src=\"https:\/\/xperimentalpark.com\/wp-content\/uploads\/2024\/02\/logo-experimental-park.webp\" alt=\"\" class=\"wp-image-20\" srcset=\"https:\/\/xperimentalpark.com\/wp-content\/uploads\/2024\/02\/logo-experimental-park.webp 392w, https:\/\/xperimentalpark.com\/wp-content\/uploads\/2024\/02\/logo-experimental-park-300x154.webp 300w, https:\/\/xperimentalpark.com\/wp-content\/uploads\/2024\/02\/logo-experimental-park-256x131.webp 256w\" sizes=\"auto, (max-width: 392px) 100vw, 392px\" \/><\/figure>\n<\/div>\n\n\n<h1 class=\"wp-block-heading has-text-align-center\"><mark style=\"background-color:rgba(0, 0, 0, 0)\" class=\"has-inline-color has-blanc-color\">kies je<\/mark><br\/>experimenteel park!<\/h1>\n\n\n<div class=\"lazyblock-liste-exp-park-8J0sb wp-block-lazyblock-liste-exp-park\"><div class=\"liste-exp-parks\">\n          \n        <div class=\"park\">\n    <div class=\"btn-next\">\n      <a href=\"https:\/\/xperimentalpark.com\/implantations\/\">\n         prochainement,<br \/>\nde nouvelles <br \/>\nouvertures          <span> proches <br \/>\nde chez vous !<\/span>\n      <\/a>\n\n      <\/div>\n      <\/div>\n<\/div><\/div><\/div><figure class=\"wp-block-media-text__media\" style=\"background-image:url(https:\/\/xperimentalpark.com\/wp-content\/uploads\/2024\/03\/salle-entree-exp-park-1024x683.webp);background-position:49% 36%\"><img loading=\"lazy\" decoding=\"async\" width=\"1024\" height=\"683\" src=\"https:\/\/xperimentalpark.com\/wp-content\/uploads\/2024\/03\/salle-entree-exp-park-1024x683.webp\" alt=\"Actie Spel Frankrijk\" class=\"wp-image-221 size-full\" srcset=\"https:\/\/xperimentalpark.com\/wp-content\/uploads\/2024\/03\/salle-entree-exp-park-1024x683.webp 1024w, https:\/\/xperimentalpark.com\/wp-content\/uploads\/2024\/03\/salle-entree-exp-park-300x200.webp 300w, https:\/\/xperimentalpark.com\/wp-content\/uploads\/2024\/03\/salle-entree-exp-park-768x512.webp 768w, https:\/\/xperimentalpark.com\/wp-content\/uploads\/2024\/03\/salle-entree-exp-park-800x533.webp 800w, https:\/\/xperimentalpark.com\/wp-content\/uploads\/2024\/03\/salle-entree-exp-park-256x171.webp 256w, https:\/\/xperimentalpark.com\/wp-content\/uploads\/2024\/03\/salle-entree-exp-park.webp 1260w\" sizes=\"auto, (max-width: 1024px) 100vw, 1024px\" \/><\/figure><\/div>\n<div class=\"lazyblock-actus-exp-park-Z204HAD alignfull alignfull  wp-block-lazyblock-actus-exp-park\"><div class=\"actualites\">\n  <div class=\"content\">\n  <div class=\"top-actus\">\n    <h4>Actualit\u00e9s<\/h4>\n    <a href=\"https:\/\/xperimentalpark.com\/en\/blog\/news\/\" title=\"Toutes les actualit\u00e9s\">Voir toutes les actualit\u00e9s<\/a>\n  <\/div>\n  \n    <\/div>\n  \n  <div class=\"les-actus\">\n          <div class=\"une-actu-wrapper\">\n      <div class=\"une-actu\">\n      <div class=\"date\">\n        <span>20<\/span><br> 02      <\/div>\n      <div class=\"les-textes\">\n      <h5> <a href=\"https:\/\/xperimentalpark.com\/nl\/onze-volgende-openingen-in-2025-in-frankrijk-belgie\/\" class=\"txt\" title=\"Onze volgende openingen in 2025 in Frankrijk &amp; Belgi\u00eb\">Onze volgende openingen in 2025 in Frankrijk &amp; Belgi\u00eb<\/a><\/h5>\n       <div class=\"para\"> <a href=\"https:\/\/xperimentalpark.com\/nl\/onze-volgende-openingen-in-2025-in-frankrijk-belgie\/\" class=\"txt\" title=\"Onze volgende openingen in 2025 in Frankrijk &amp; Belgi\u00eb\"><p>Sinds 2024 zijn er niet minder dan vier nieuwe experimentele Action Games parken geopend in Frankrijk, naast dat in Compi\u00e8gne. Sinds 2024 kun je ons vinden in Lomme, Lille, Vannes en Laval, en altijd in Compi\u00e8gne! Er zijn al vijf experimentele parken geopend! Kom ons snel bezoeken in Central Parc Valvert (Sainte-Genevi\u00e8ve-des-Bois &#8211; Valvert &#8211; [&hellip;]<\/p>\n<\/a><\/div>\n       <\/div>\n       <a href=\"https:\/\/xperimentalpark.com\/nl\/onze-volgende-openingen-in-2025-in-frankrijk-belgie\/\" title=\"Onze volgende openingen in 2025 in Frankrijk &amp; Belgi\u00eb\"><\/a>\n    <\/div>\n      <\/div>\n      \n<\/div>\n<\/div><\/div><div class=\"lazyblock-banniere-avec-boussole-Oqn9p alignfull alignfull  wp-block-lazyblock-banniere-avec-boussole\"><div class=\"banniere-boussole\">\n<div class=\"content gauche\">\n  <div class=\"image aos-init aos-animate\" data-aos=\"fade-right\" data-aos-offset=\"400\" data-aos-duration=\"800\" data-aos-easing=\"ease-out-cubic\">\n        <img decoding=\"async\" src=\"https:\/\/xperimentalpark.com\/wp-content\/uploads\/2024\/02\/tickets-entree-experimental-park.webp\" alt=\"\">\n  <\/div>\n  <div class=\"texte\">\n    <h2>Devenez Franchis\u00e9<br>\n    <span>Exp\u00e9rimental Park<\/span>\n    <\/h2>\n    <p>Prenez rendez-vous avec nous et parlons de votre projet Exp\u00e9rimental Park. Plein de possibilit\u00e9s s&#8217;offrent \u00e0 vous.<\/p>\n    <a href=\"https:\/\/xperimentalpark.com\/franchise-experimental-park\/\" title=\"Devenez Franchis\u00e9 Exp\u00e9rimental Park\">\n      Prendre Rendez-vous      <\/a>\n  <\/div>\n<\/div>\n<\/div><\/div>","protected":false},"excerpt":{"rendered":"","protected":false},"author":1,"featured_media":0,"parent":0,"menu_order":0,"comment_status":"closed","ping_status":"closed","template":"","meta":{"footnotes":""},"class_list":["post-448","page","type-page","status-publish","hentry"],"_links":{"self":[{"href":"https:\/\/xperimentalpark.com\/nl\/wp-json\/wp\/v2\/pages\/448","targetHints":{"allow":["GET"]}}],"collection":[{"href":"https:\/\/xperimentalpark.com\/nl\/wp-json\/wp\/v2\/pages"}],"about":[{"href":"https:\/\/xperimentalpark.com\/nl\/wp-json\/wp\/v2\/types\/page"}],"author":[{"embeddable":true,"href":"https:\/\/xperimentalpark.com\/nl\/wp-json\/wp\/v2\/users\/1"}],"replies":[{"embeddable":true,"href":"https:\/\/xperimentalpark.com\/nl\/wp-json\/wp\/v2\/comments?post=448"}],"version-history":[{"count":3,"href":"https:\/\/xperimentalpark.com\/nl\/wp-json\/wp\/v2\/pages\/448\/revisions"}],"predecessor-version":[{"id":489,"href":"https:\/\/xperimentalpark.com\/nl\/wp-json\/wp\/v2\/pages\/448\/revisions\/489"}],"wp:attachment":[{"href":"https:\/\/xperimentalpark.com\/nl\/wp-json\/wp\/v2\/media?parent=448"}],"curies":[{"name":"wp","href":"https:\/\/api.w.org\/{rel}","templated":true}]}}