{"id":338,"date":"2024-02-20T12:50:56","date_gmt":"2024-02-20T11:50:56","guid":{"rendered":"https:\/\/xperimentalpark.com\/ser-titular-de-una-licencia\/"},"modified":"2026-03-14T09:28:05","modified_gmt":"2026-03-14T08:28:05","slug":"ser-titular-de-una-licencia","status":"publish","type":"page","link":"https:\/\/xperimentalpark.com\/es\/ser-titular-de-una-licencia\/","title":{"rendered":"Ser titular de una licencia"},"content":{"rendered":"\n<div class=\"wp-block-media-text alignfull is-stacked-on-mobile is-vertically-aligned-top is-image-fill-element\"><figure class=\"wp-block-media-text__media\"><img loading=\"lazy\" decoding=\"async\" width=\"1024\" height=\"768\" src=\"https:\/\/xperimentalpark.com\/wp-content\/uploads\/2024\/02\/JEUX-ARCADES-COMPIEGNE-1024x768.jpg\" alt=\"\" class=\"wp-image-71 size-full\" style=\"object-position:50% 50%\" srcset=\"https:\/\/xperimentalpark.com\/wp-content\/uploads\/2024\/02\/JEUX-ARCADES-COMPIEGNE-1024x768.jpg 1024w, https:\/\/xperimentalpark.com\/wp-content\/uploads\/2024\/02\/JEUX-ARCADES-COMPIEGNE-300x225.jpg 300w, https:\/\/xperimentalpark.com\/wp-content\/uploads\/2024\/02\/JEUX-ARCADES-COMPIEGNE-768x576.jpg 768w, https:\/\/xperimentalpark.com\/wp-content\/uploads\/2024\/02\/JEUX-ARCADES-COMPIEGNE-800x600.jpg 800w, https:\/\/xperimentalpark.com\/wp-content\/uploads\/2024\/02\/JEUX-ARCADES-COMPIEGNE-256x192.jpg 256w, https:\/\/xperimentalpark.com\/wp-content\/uploads\/2024\/02\/JEUX-ARCADES-COMPIEGNE.jpg 1181w\" sizes=\"auto, (max-width: 1024px) 100vw, 1024px\" \/><\/figure><div class=\"wp-block-media-text__content\">\n<h2 class=\"wp-block-heading\">\u00bfPor qu\u00e9 elegir el Parque Experimental?<\/h2>\n\n\n\n<p>Los quioscos de registro tambi\u00e9n act\u00faan como cajas (tarjetas de cr\u00e9dito y efectivo). Totalmente automatizados, limitan el personal y evitan los robos. <\/p>\n\n\n\n<p>En un equipo, ning\u00fan jugador es un espectador; todos los miembros participan y juegan. Cada participante obtiene el valor de su dinero. <\/p>\n\n\n\n<p>A cada jugador se le coloca una pulsera RFID que registra tanto su puntuaci\u00f3n personal como la del equipo.<\/p>\n\n\n\n<p>Los juegos se adaptan al n\u00famero de participantes y a su edad.<\/p>\n\n\n\n<p>Los equipos pueden elegir entre tres niveles de dificultad para cada prueba: F\u00e1cil &#8211; Medio &#8211; Dif\u00edcil.<\/p>\n\n\n\n<p>4 terminales \u00abextra\u00bb en el corredor temporal para aumentar la puntuaci\u00f3n (en desarrollo).<\/p>\n\n\n\n<p>EXPERIMENTAL PARK es m\u00e1s rentable que sus competidores: en una configuraci\u00f3n de 30 salas, pueden jugar 150 personas simult\u00e1neamente.<\/p>\n\n\n\n<p>Cada participante recibe un correo electr\u00f3nico con la puntuaci\u00f3n y la foto del grupo de amigos o compa\u00f1eros con los que acaba de compartir la experiencia.<\/p>\n\n\n\n<p>El PARQUE EXPERIMENTAL puede funcionar solo o junto con otro centro de actividades u ocio.<\/p>\n\n\n\n<p>No se necesita personal para lanzar los juegos (briefing). El mantenimiento lo realiza un solo empleado a tiempo parcial. <\/p>\n\n\n\n<p>PARQUE EXPERIMENTAL, 3 soluciones de financiaci\u00f3n que se adaptan a todos los presupuestos.<\/p>\n<\/div><\/div>\n\n<div style=\"height:100px\" aria-hidden=\"true\" class=\"wp-block-spacer\"><\/div>\n\n<h2 class=\"wp-block-heading has-text-align-center\">Dos configuraciones <mark style=\"background-color:rgba(0, 0, 0, 0)\" class=\"has-inline-color has-orange-color\">posibles<\/mark><\/h2>\n\n<div style=\"height:100px\" aria-hidden=\"true\" class=\"wp-block-spacer\"><\/div>\n\n<div class=\"wp-block-columns alignwide is-layout-flex wp-container-core-columns-is-layout-9d6595d7 wp-block-columns-is-layout-flex\">\n<div class=\"wp-block-column is-layout-flow wp-block-column-is-layout-flow\">\n<h3 class=\"wp-block-heading\">configuraci\u00f3n <mark style=\"background-color:rgba(0, 0, 0, 0)\" class=\"has-inline-color has-orange-color\">en solitario<\/mark><\/h3>\n\n\n\n<h4 class=\"wp-block-heading\">LOCALIZACI\u00d3N<\/h4>\n\n\n\n<p>Para crear un Parque Experimental, el emplazamiento debe estar situado en una zona comercial muy transitada o, mejor a\u00fan, en una zona donde ya haya actividades de ocio (restaurantes, cines, boleras, etc.), con buena visibilidad, f\u00e1cil acceso y facilidad de aparcamiento.<br\/>Superficie necesaria: de 1.000 a 1.500 m\u00b2.<\/p>\n<\/div>\n\n\n\n<div class=\"wp-block-column is-layout-flow wp-block-column-is-layout-flow\">\n<h3 class=\"wp-block-heading\">configuraci\u00f3n <mark style=\"background-color:rgba(0, 0, 0, 0)\" class=\"has-inline-color has-orange-color\">integrada<\/mark><\/h3>\n\n\n\n<h4 class=\"wp-block-heading\">LOCALIZACI\u00d3N<\/h4>\n\n\n\n<p>Los Parques Experimentales pueden a\u00f1adirse o integrarse en actividades de ocio ya existentes (cine, bolera, karting, etc.) para darles un nuevo impulso y un nuevo atractivo.<br\/>Superficie necesaria: 500 \/ 600 m\u00b2.<\/p>\n<\/div>\n<\/div>\n\n<div class=\"wp-block-columns alignwide is-layout-flex wp-container-core-columns-is-layout-9d6595d7 wp-block-columns-is-layout-flex\">\n<div class=\"wp-block-column is-layout-flow wp-block-column-is-layout-flow\">\n<h4 class=\"wp-block-heading\">Cifras clave<\/h4>\n\n\n\n<div class=\"wp-block-group has-fond-jaune-motif-background-color has-background\"><div class=\"wp-block-group__inner-container is-layout-constrained wp-block-group-is-layout-constrained\">\n<p><strong>N\u00famero de admisiones: 55.000 y 83.000\/a\u00f1o<\/strong><\/p>\n\n\n\n<p><strong>Cesta media \u20acXX.XX<\/strong> <mark style=\"background-color:rgba(0, 0, 0, 0)\" class=\"has-inline-color has-bleu-ciel-color\">\n  <a href=\"https:\/\/xperimentalpark.com\/contact\/\">(m\u00e1s<\/a>\n  <a href=\"https:\/\/xperimentalpark.com\/contact\/\" target=\"_blank\" rel=\"noreferrer noopener\">m\u00e1s)<\/a>\n<\/mark><\/p>\n\n\n\n<p><strong>Volumen de negocio entre XXX XXX euros y X XXX XXX millones de euros<\/strong><\/p>\n\n\n\n<p><strong>Personal de 3\/6<\/strong> <strong>(bar, recepci\u00f3n, 1\/2 t\u00e9cnico)<\/strong><\/p>\n<\/div><\/div>\n<\/div>\n\n\n\n<div class=\"wp-block-column is-layout-flow wp-block-column-is-layout-flow\">\n<h4 class=\"wp-block-heading\">Cifras clave<\/h4>\n\n\n\n<div class=\"wp-block-group has-fond-jaune-motif-background-color has-background\"><div class=\"wp-block-group__inner-container is-layout-constrained wp-block-group-is-layout-constrained\">\n<p><strong>N\u00famero de admisiones: de 28.000 a 48.000\/a\u00f1o<\/strong><\/p>\n\n\n\n<p><strong>Cesta media: XX,XX euros<\/strong> <mark style=\"background-color:rgba(0, 0, 0, 0)\" class=\"has-inline-color has-bleu-ciel-color\">\n  <a href=\"https:\/\/xperimentalpark.com\/contact\/\" target=\"_blank\" rel=\"noreferrer noopener\">(para m\u00e1s informaci\u00f3n)<\/a>\n<\/mark><\/p>\n\n\n\n<p><strong>CA <strong>XXX XXX<\/strong> a <strong>XXX XXX<\/strong> \u20ac,<\/strong><\/p>\n\n\n\n<p><strong>Personal: 1\/2 persona t\u00e9cnica<\/strong><\/p>\n<\/div><\/div>\n<\/div>\n<\/div>\n\n<div class=\"wp-block-columns alignwide is-layout-flex wp-container-core-columns-is-layout-9d6595d7 wp-block-columns-is-layout-flex\">\n<div class=\"wp-block-column is-layout-flow wp-block-column-is-layout-flow\">\n<h4 class=\"wp-block-heading\">Inversi\u00f3n<\/h4>\n\n\n\n<p>En funci\u00f3n del n\u00famero de salas, el coste de instalaci\u00f3n de un Parque Experimental con bar y sala de m\u00e1quinas recreativas oscila entre 900.000 y 1.300.000 euros, incluyendo la distribuci\u00f3n completa, tabiques, climatizaci\u00f3n, electricidad, automatismos, inform\u00e1tica y software.  <\/p>\n\n\n\n<h4 class=\"wp-block-heading\">Opci\u00f3n:  <\/h4>\n\n\n\n<p>el tratamiento de fachadas decoradas, quioscos de autopago, p\u00f3rticos de cristal, torniquetes y m\u00f3dulos de Karaoke\/Quiz. Dependiendo del n\u00famero de habitaciones, el coste de la instalaci\u00f3n. <\/p>\n<\/div>\n\n\n\n<div class=\"wp-block-column is-layout-flow wp-block-column-is-layout-flow\">\n<h4 class=\"wp-block-heading\">Inversi\u00f3n<\/h4>\n\n\n\n<p>Dependiendo del n\u00famero de salas*, el coste de instalaci\u00f3n de un ExperimentalPark oscila entre 450.000 y 750.000 euros, incluyendo:<br\/>distribuci\u00f3n completa, tabiques, aire acondicionado, electricidad, automatizaci\u00f3n, inform\u00e1tica y software.<\/p>\n\n\n\n<h4 class=\"wp-block-heading\">Opci\u00f3n:<\/h4>\n\n\n\n<p>tratamiento de fachadas decoradas, terminales de caja autom\u00e1ticos, p\u00f3rticos de cristal, torniquetes, m\u00f3dulos Karaoke\/Quiz, etc.<\/p>\n<\/div>\n<\/div>\n\n<div class=\"wp-block-group alignfull has-orange-color has-fond-bleu-motif-background-color has-text-color has-background has-link-color wp-elements-ad14e7121629d12110cce29d03a00e22\" style=\"padding-top:var(--wp--preset--spacing--60);padding-bottom:var(--wp--preset--spacing--60)\"><div class=\"wp-block-group__inner-container is-layout-constrained wp-block-group-is-layout-constrained\">\n<p class=\"has-text-align-center is-style-paragraphe-25-px-semi-bold has-medium-font-size\">Los afiliados tienen a su disposici\u00f3n un cat\u00e1logo de 40 salas de juego.  <br\/>Aunque se requiere un m\u00ednimo de 20 habitaciones, el n\u00famero ideal es de 30.<\/p>\n<\/div><\/div>\n\n<div style=\"height:100px\" aria-hidden=\"true\" class=\"wp-block-spacer\"><\/div>\n\n<div class=\"wp-block-media-text alignfull is-stacked-on-mobile is-image-fill-element has-bleu-ciel-background-color has-background\"><figure class=\"wp-block-media-text__media\"><img loading=\"lazy\" decoding=\"async\" width=\"1024\" height=\"683\" src=\"https:\/\/xperimentalpark.com\/wp-content\/uploads\/2024\/02\/experimental-jaux-1024x683.jpg\" alt=\"Parque Experimental Jaux Compi\u00e8gne\" class=\"wp-image-75 size-full\" style=\"object-position:50% 50%\" srcset=\"https:\/\/xperimentalpark.com\/wp-content\/uploads\/2024\/02\/experimental-jaux-1024x683.jpg 1024w, https:\/\/xperimentalpark.com\/wp-content\/uploads\/2024\/02\/experimental-jaux-300x200.jpg 300w, https:\/\/xperimentalpark.com\/wp-content\/uploads\/2024\/02\/experimental-jaux-768x512.jpg 768w, https:\/\/xperimentalpark.com\/wp-content\/uploads\/2024\/02\/experimental-jaux-1536x1024.jpg 1536w, https:\/\/xperimentalpark.com\/wp-content\/uploads\/2024\/02\/experimental-jaux-800x533.jpg 800w, https:\/\/xperimentalpark.com\/wp-content\/uploads\/2024\/02\/experimental-jaux-256x171.jpg 256w, https:\/\/xperimentalpark.com\/wp-content\/uploads\/2024\/02\/experimental-jaux.jpg 1960w\" sizes=\"auto, (max-width: 1024px) 100vw, 1024px\" \/><\/figure><div class=\"wp-block-media-text__content\">\n<h2 class=\"wp-block-heading\">Financiaci\u00f3n<\/h2>\n\n\n\n<p class=\"has-medium-font-size\"><strong>Existen 3 soluciones posibles para financiar la creaci\u00f3n de un PARQUE EXPERIMENTAL:<\/strong><\/p>\n\n\n\n<p>Cr\u00e9dito bancario, aportaci\u00f3n personal del 10 al 30%<br\/>Soluciones de leasing<br\/>Asociaci\u00f3n a plazo fijo<\/p>\n\n\n\n<h2 class=\"wp-block-heading\">Licencias de marca<\/h2>\n\n\n\n<p>Derechos de inscripci\u00f3n: 15.000<\/p>\n\n\n\n<p>Licencia de marca: 29.000 euros \/ a\u00f1o <a href=\"https:\/\/xperimentalpark.com\/contact\/\">(m\u00e1s informaci\u00f3n)<\/a><a href=\"https:\/\/xperimentalpark.com\/contact\/\" target=\"_blank\" rel=\"noreferrer noopener\"><br\/><\/a>(Uso de la marca, reservas en l\u00ednea (integraci\u00f3n de tu propia herramienta o uso de nuestra herramienta asociada lista para usar), medios de comunicaci\u00f3n locales y nacionales, eventos&#8230;)<\/p>\n\n\n\n<p>Duraci\u00f3n del contrato: 10 a\u00f1os<\/p>\n\n\n\n<p>Alquiler de software: 1 euro por juego y persona para el software<\/p>\n<\/div><\/div>\n\n<div class=\"wp-block-group alignfull has-fond-jaune-motif-background-color has-background\"><div class=\"wp-block-group__inner-container is-layout-constrained wp-block-group-is-layout-constrained\">\n<div style=\"height:100px\" aria-hidden=\"true\" class=\"wp-block-spacer\"><\/div>\n\n\n\n<div class=\"wp-block-columns alignwide is-layout-flex wp-container-core-columns-is-layout-9d6595d7 wp-block-columns-is-layout-flex\">\n<div class=\"wp-block-column is-layout-flow wp-block-column-is-layout-flow\">\n<h2 class=\"wp-block-heading\">Un juego adictivo<\/h2>\n\n\n\n<p>El Grupo FHP, l\u00edder franc\u00e9s en actividades de ocio en interior y creador de la marca SPEED PARK, ha desarrollado el parque Experimental en respuesta a los cambios del mercado y a las expectativas de los clientes que buscan experiencias cada vez m\u00e1s intensas e inmersivas.<\/p>\n\n\n\n<p>El parque experimental es una carrera contrarreloj a trav\u00e9s de un recorrido de pruebas en el que los equipos combinan sus habilidades diferentes pero complementarias para superar los retos que se les plantean.<br\/>El \u00e9xito de este nuevo proyecto radica en su capacidad para reunir a generaciones en torno a actividades que pueden compartirse sin moderaci\u00f3n entre amigos, familiares o compa\u00f1eros de trabajo.<\/p>\n<\/div>\n\n\n\n<div class=\"wp-block-column is-layout-flow wp-block-column-is-layout-flow\">\n<h2 class=\"wp-block-heading\">El objetivo del juego<\/h2>\n\n\n\n<p>El objetivo del juego es conseguir tantos puntos (cargas de bater\u00eda) como sea posible en un viaje a trav\u00e9s de diferentes \u00e9pocas, en el que los jugadores deben superar retos que requieren habilidad, reflexi\u00f3n, cultura, agilidad y fuerza.  <\/p>\n\n\n\n<p>Cada vez que superan una prueba, en funci\u00f3n de su puntuaci\u00f3n, los participantes reciben cr\u00e9ditos energ\u00e9ticos que les permitir\u00e1n retroceder en el tiempo hasta el presente.<\/p>\n<\/div>\n<\/div>\n\n\n\n<div style=\"height:100px\" aria-hidden=\"true\" class=\"wp-block-spacer\"><\/div>\n<\/div><\/div>\n\n<div class=\"wp-block-media-text alignfull has-media-on-the-right is-stacked-on-mobile is-image-fill-element\"><div class=\"wp-block-media-text__content\">\n<h2 class=\"wp-block-heading\">Nuestros <mark style=\"background-color:rgba(0, 0, 0, 0)\" class=\"has-inline-color has-orange-color\">clientes<\/mark><\/h2>\n\n\n\n<h3 class=\"wp-block-heading\">P\u00fablico en general<\/h3>\n\n\n\n<p class=\"has-medium-font-size\">Participan todas las edades a partir de 7 a\u00f1os.<\/p>\n\n\n\n<h3 class=\"wp-block-heading\">Empresas<\/h3>\n\n\n\n<p>La naturaleza de los juegos es especialmente propicia para la emulaci\u00f3n en grupo y el desarrollo del esp\u00edritu de equipo.<br\/>Venta de eventos de creaci\u00f3n de equipos e incentivos a comit\u00e9s de direcci\u00f3n.<br\/>Venta de entradas a comit\u00e9s de empresa<br\/>Venta de espacios publicitarios<\/p>\n\n\n\n<h4 class=\"wp-block-heading\">27 aperturas previstas<\/h4>\n\n\n\n<p><strong>2023<br\/><\/strong>Compi\u00e8gne (60)<\/p>\n\n\n\n<p><strong>2024<\/strong><br\/>Lille &#8211; Vannes- Laval- Lomme<br\/><\/p>\n\n\n\n<p><strong>2025<\/strong><br\/>Middelkerke( B\u00e9lgica)<\/p>\n\n\n\n<p><strong>2026<\/strong><br\/>Madrid ( Espa\u00f1a) &#8211; Essonne 91 &#8211; Chamb\u00e9ry &#8211; Nantes &#8211; Lieja( B\u00e9lgica) &#8211; Le Mans &#8211; Lyon  <\/p>\n\n\n\n<p><strong>2027<\/strong><\/p>\n\n\n\n<p>Claye Souilly &#8211; Vaucluse 84 -Sarcelles<\/p>\n\n\n\n<p>+ 12 en Firmas<\/p>\n<\/div><figure class=\"wp-block-media-text__media\"><img loading=\"lazy\" decoding=\"async\" width=\"1024\" height=\"768\" src=\"https:\/\/xperimentalpark.com\/wp-content\/uploads\/2024\/02\/bar-exp-park-1024x768.jpg\" alt=\"Bar deportivo para la franquicia Exp\u00e9rimental Park\" class=\"wp-image-131 size-full\" style=\"object-position:50% 50%\" srcset=\"https:\/\/xperimentalpark.com\/wp-content\/uploads\/2024\/02\/bar-exp-park-1024x768.jpg 1024w, https:\/\/xperimentalpark.com\/wp-content\/uploads\/2024\/02\/bar-exp-park-300x225.jpg 300w, https:\/\/xperimentalpark.com\/wp-content\/uploads\/2024\/02\/bar-exp-park-768x576.jpg 768w, https:\/\/xperimentalpark.com\/wp-content\/uploads\/2024\/02\/bar-exp-park-1536x1152.jpg 1536w, https:\/\/xperimentalpark.com\/wp-content\/uploads\/2024\/02\/bar-exp-park-800x600.jpg 800w, https:\/\/xperimentalpark.com\/wp-content\/uploads\/2024\/02\/bar-exp-park-256x192.jpg 256w, https:\/\/xperimentalpark.com\/wp-content\/uploads\/2024\/02\/bar-exp-park.jpg 1560w\" sizes=\"auto, (max-width: 1024px) 100vw, 1024px\" \/><\/figure><\/div>\n\n<div class=\"wp-block-media-text alignfull is-stacked-on-mobile is-image-fill-element\"><figure class=\"wp-block-media-text__media\"><img loading=\"lazy\" decoding=\"async\" width=\"1024\" height=\"683\" src=\"https:\/\/xperimentalpark.com\/wp-content\/uploads\/2024\/02\/entree-action-game-1024x683.jpg\" alt=\"\" class=\"wp-image-132 size-full\" style=\"object-position:50% 50%\" srcset=\"https:\/\/xperimentalpark.com\/wp-content\/uploads\/2024\/02\/entree-action-game-1024x683.jpg 1024w, https:\/\/xperimentalpark.com\/wp-content\/uploads\/2024\/02\/entree-action-game-300x200.jpg 300w, https:\/\/xperimentalpark.com\/wp-content\/uploads\/2024\/02\/entree-action-game-768x512.jpg 768w, https:\/\/xperimentalpark.com\/wp-content\/uploads\/2024\/02\/entree-action-game-1536x1024.jpg 1536w, https:\/\/xperimentalpark.com\/wp-content\/uploads\/2024\/02\/entree-action-game-800x533.jpg 800w, https:\/\/xperimentalpark.com\/wp-content\/uploads\/2024\/02\/entree-action-game-256x171.jpg 256w, https:\/\/xperimentalpark.com\/wp-content\/uploads\/2024\/02\/entree-action-game.jpg 1560w\" sizes=\"auto, (max-width: 1024px) 100vw, 1024px\" \/><\/figure><div class=\"wp-block-media-text__content\">\n<h2 class=\"wp-block-heading\">En torno al <mark style=\"background-color:rgba(0, 0, 0, 0)\" class=\"has-inline-color has-orange-color\">juego<\/mark><\/h2>\n\n\n\n<p class=\"has-medium-font-size\">En configuraci\u00f3n \u00absolo\u00bb, el PARQUE EXPERIMENTAL ofrece una sala de recepci\u00f3n con una decoraci\u00f3n c\u00e1lida y original, donde el p\u00fablico puede consumir, divertirse y relajarse, asegurando ventas adicionales. Existen varios niveles de equipamiento, seg\u00fan el espacio disponible y el presupuesto. <\/p>\n\n\n\n<h3 class=\"wp-block-heading\">Bar<\/h3>\n\n\n\n<p>Un bar para reponer fuerzas despu\u00e9s de una experiencia emocionante, con c\u00f3cteles, refrescos, bebidas calientes, gofres, nachos y platos de aperitivo.<\/p>\n\n\n\n<h3 class=\"wp-block-heading\">Sal\u00f3n<\/h3>\n\n\n\n<p>Una zona de estar donde pasar un rato agradable con los amigos tomando una copa o jugando al billar.<\/p>\n\n\n\n<h3 class=\"wp-block-heading\">Barra deportiva<\/h3>\n\n\n\n<p>Pantallas gigantes para seguir los \u00faltimos acontecimientos deportivos y atraer a los aficionados al deporte.<\/p>\n\n\n\n<h3 class=\"wp-block-heading\">Juegos arcade<\/h3>\n\n\n\n<p>Una zona dedicada a los \u00faltimos juegos arcade, que combina la realidad virtual con juegos emblem\u00e1ticos como King Kong de la Isla Calavera, Sailor&#8217;s Quest y Moto Speed Rider 3.<br\/>Karaoke\/Quiz<br\/>Cajas para cantar o re\u00edr (8 personas como m\u00e1ximo).<\/p>\n\n\n\n<h3 class=\"wp-block-heading\">Bolos Pato Volador<\/h3>\n\n\n\n<p>Este juego de bolos, que se juega en una pista m\u00e1s corta con una bola m\u00e1s peque\u00f1a, ofrece las mismas sensaciones que los bolos tradicionales.<\/p>\n<\/div><\/div>\n<div class=\"lazyblock-banniere-avec-boussole-Oqn9p alignfull alignfull  wp-block-lazyblock-banniere-avec-boussole\"><div class=\"banniere-boussole\">\n<div class=\"content gauche\">\n  <div class=\"image aos-init aos-animate\" data-aos=\"fade-right\" data-aos-offset=\"400\" data-aos-duration=\"800\" data-aos-easing=\"ease-out-cubic\">\n        <img decoding=\"async\" src=\"https:\/\/xperimentalpark.com\/wp-content\/uploads\/2024\/02\/tickets-entree-experimental-park.webp\" alt=\"\">\n  <\/div>\n  <div class=\"texte\">\n    <h2>Devenez Franchis\u00e9<br>\n    <span>Exp\u00e9rimental Park<\/span>\n    <\/h2>\n    <p>Prenez rendez-vous avec nous et parlons de votre projet Exp\u00e9rimental Park. Plein de possibilit\u00e9s s&#8217;offrent \u00e0 vous.<\/p>\n    <a href=\"https:\/\/xperimentalpark.com\/franchise-experimental-park\/\" title=\"Devenez Franchis\u00e9 Exp\u00e9rimental Park\">\n      Prendre Rendez-vous      <\/a>\n  <\/div>\n<\/div>\n<\/div><\/div>\n<div style=\"height:100px\" aria-hidden=\"true\" class=\"wp-block-spacer\"><\/div>\n","protected":false},"excerpt":{"rendered":"<p>\u00bfPor qu\u00e9 elegir el Parque Experimental? Los quioscos de registro tambi\u00e9n act\u00faan como cajas (tarjetas de cr\u00e9dito y efectivo). Totalmente automatizados, limitan el personal y evitan los robos. En un equipo, ning\u00fan jugador es un espectador; todos los miembros participan y juegan. Cada participante obtiene el valor de su dinero. A cada jugador se le [&hellip;]<\/p>\n","protected":false},"author":1,"featured_media":341,"parent":0,"menu_order":0,"comment_status":"closed","ping_status":"closed","template":"","meta":{"footnotes":""},"class_list":["post-338","page","type-page","status-publish","has-post-thumbnail","hentry"],"_links":{"self":[{"href":"https:\/\/xperimentalpark.com\/es\/wp-json\/wp\/v2\/pages\/338","targetHints":{"allow":["GET"]}}],"collection":[{"href":"https:\/\/xperimentalpark.com\/es\/wp-json\/wp\/v2\/pages"}],"about":[{"href":"https:\/\/xperimentalpark.com\/es\/wp-json\/wp\/v2\/types\/page"}],"author":[{"embeddable":true,"href":"https:\/\/xperimentalpark.com\/es\/wp-json\/wp\/v2\/users\/1"}],"replies":[{"embeddable":true,"href":"https:\/\/xperimentalpark.com\/es\/wp-json\/wp\/v2\/comments?post=338"}],"version-history":[{"count":12,"href":"https:\/\/xperimentalpark.com\/es\/wp-json\/wp\/v2\/pages\/338\/revisions"}],"predecessor-version":[{"id":618,"href":"https:\/\/xperimentalpark.com\/es\/wp-json\/wp\/v2\/pages\/338\/revisions\/618"}],"wp:featuredmedia":[{"embeddable":true,"href":"https:\/\/xperimentalpark.com\/es\/wp-json\/wp\/v2\/media\/341"}],"wp:attachment":[{"href":"https:\/\/xperimentalpark.com\/es\/wp-json\/wp\/v2\/media?parent=338"}],"curies":[{"name":"wp","href":"https:\/\/api.w.org\/{rel}","templated":true}]}}