{"id":331,"date":"2024-02-20T14:57:32","date_gmt":"2024-02-20T13:57:32","guid":{"rendered":"https:\/\/xperimentalpark.com\/el-concepto\/"},"modified":"2024-04-30T12:36:42","modified_gmt":"2024-04-30T10:36:42","slug":"el-concepto","status":"publish","type":"page","link":"https:\/\/xperimentalpark.com\/es\/el-concepto\/","title":{"rendered":"El concepto"},"content":{"rendered":"\n<div style=\"height:82px\" aria-hidden=\"true\" class=\"wp-block-spacer\"><\/div>\n\n<div class=\"wp-block-group alignfull\" style=\"padding-right:7em;padding-left:7em\"><div class=\"wp-block-group__inner-container is-layout-constrained wp-container-core-group-is-layout-4c296af5 wp-block-group-is-layout-constrained\">\n<div class=\"wp-block-columns alignfull is-layout-flex wp-container-core-columns-is-layout-ed5226f6 wp-block-columns-is-layout-flex\" style=\"padding-right:0;padding-left:0\">\n<div class=\"wp-block-column is-layout-flow wp-block-column-is-layout-flow\" style=\"padding-right:0;padding-left:0\">\n<h3 class=\"wp-block-heading\">todas las <mark style=\"background-color:rgba(0, 0, 0, 0)\" class=\"has-inline-color has-orange-color\">edades<\/mark><\/h3>\n\n\n\n<p>Como se trata de un juego de equipo, es muy f\u00e1cil mezclar las edades para que los jugadores m\u00e1s j\u00f3venes puedan participar con los mayores. Por motivos de la altura m\u00ednima requerida para determinados actos, el Parque Experimental es accesible para ni\u00f1os a partir de 8 a\u00f1os.<\/p>\n<\/div>\n\n\n\n<div class=\"wp-block-column is-layout-flow wp-block-column-is-layout-flow\">\n<h3 class=\"wp-block-heading\">Entre <mark style=\"background-color:rgba(0, 0, 0, 0)\" class=\"has-inline-color has-orange-color\">amigos<\/mark><\/h3>\n\n\n\n<p>No hay nada m\u00e1s divertido que desafiar a los amigos a pasar un buen rato en un juego que te lleva de sorpresa en sorpresa y te regala momentos inolvidables. El Parque Experimental es el lugar perfecto para organizar despedidas de soltero o cumplea\u00f1os.<\/p>\n<\/div>\n\n\n\n<div class=\"wp-block-column is-layout-flow wp-block-column-is-layout-flow\">\n<h3 class=\"wp-block-heading\">Con la <mark style=\"background-color:rgba(0, 0, 0, 0)\" class=\"has-inline-color has-orange-color\">familia<\/mark><\/h3>\n\n\n\n<p>El Parque Experimental es el lugar ideal para pasar un gran d\u00eda en familia. Accesible a partir de los 8 a\u00f1os, puedes incluso reunir a varias generaciones, \u00a1ya que la variedad de actividades que se ofrecen a lo largo del recorrido es apta para todos! Incluso puedes organizar reuniones de primos o fiestas de cumplea\u00f1os.<\/p>\n<\/div>\n\n\n\n<div class=\"wp-block-column is-layout-flow wp-block-column-is-layout-flow\">\n<h3 class=\"wp-block-heading\">Para <mark style=\"background-color:rgba(0, 0, 0, 0)\" class=\"has-inline-color has-orange-color\">las empresas<\/mark><\/h3>\n\n\n\n<p>El Parque Experimental es el lugar perfecto para organizar tus actividades de formaci\u00f3n de equipos y otros actos corporativos. Impulsa la cohesi\u00f3n del equipo, infunde una nueva din\u00e1mica o desarrolla la sinergia entre distintos departamentos. El Parque Experimental te brinda la oportunidad de disfrutar de una experiencia \u00fanica de colaboraci\u00f3n con tus colegas.<\/p>\n<\/div>\n<\/div>\n<\/div><\/div>\n\n<div style=\"height:80px\" aria-hidden=\"true\" class=\"wp-block-spacer\"><\/div>\n\n<div class=\"wp-block-columns is-layout-flex wp-container-core-columns-is-layout-9d6595d7 wp-block-columns-is-layout-flex\">\n<div class=\"wp-block-column is-layout-flow wp-block-column-is-layout-flow\">\n<h3 class=\"wp-block-heading\"><mark style=\"background-color:rgba(0, 0, 0, 0)\" class=\"has-inline-color has-orange-color\">Objetivo del juego<\/mark><\/h3>\n\n\n\n<p>Tras un desafortunado experimento, el profesor Albert Hashtag se encuentra atrapado en los corredores del tiempo. Tu misi\u00f3n, si decides aceptarla, es reunir toda la energ\u00eda posible para volver al presente.<\/p>\n<\/div>\n\n\n\n<div class=\"wp-block-column is-layout-flow wp-block-column-is-layout-flow\" style=\"padding-top:0px\">\n<p class=\"is-style-paragraphe-25-px-bold-bord-gauche\">Estas pruebas tienen que ver con el pensamiento, la observaci\u00f3n, la memoria, la destreza y la agilidad.<\/p>\n\n\n\n<p>La cohesi\u00f3n y la complementariedad son las mayores bazas de un grupo, por eso es importante formar el equipo adecuado. Todos los puntos obtenidos en el transcurso de las pruebas se introducen en una pulsera RFID en forma de energ\u00eda. Al final del juego, los terminales muestran tu puntuaci\u00f3n y confirman si las recargas de energ\u00eda que has acumulado te permiten volver al presente.<\/p>\n<\/div>\n<\/div>\n\n<div class=\"wp-block-media-text alignfull is-stacked-on-mobile is-vertically-aligned-center is-image-fill has-bleu-ciel-background-color has-background\"><figure class=\"wp-block-media-text__media\" style=\"background-image:url(https:\/\/xperimentalpark.com\/wp-content\/uploads\/2023\/08\/DSC_8321-1024x683.jpg);background-position:50% 50%\"><img decoding=\"async\" src=\"https:\/\/xperimentalpark.com\/wp-content\/uploads\/2023\/08\/DSC_8321-1024x683.jpg\" alt=\"\" class=\"wp-image-652 size-full\"\/><\/figure><div class=\"wp-block-media-text__content\">\n<h3 class=\"wp-block-heading\">\u00bfC\u00f3mo juego?<\/h3>\n\n\n\n<ul class=\"is-style-liste-puces-jaune wp-block-list\">\n<li>Forma tu equipo de 2 a 5 jugadores.  <\/li>\n\n\n\n<li>Ir a los terminales autom\u00e1ticos<\/li>\n\n\n\n<li>Selecciona tu tiempo de juego: 1h00 o 1h30<\/li>\n\n\n\n<li>Adquiere el n\u00famero de juegos correspondiente al n\u00famero de participantes y al tiempo de juego.<\/li>\n\n\n\n<li>Cada jugador recibe una pulsera RFID<\/li>\n\n\n\n<li>La pulsera RFID puede utilizarse para abrir puertas a lo largo del corredor del tiempo y llevar un registro de la energ\u00eda acumulada a medida que completas cada etapa.<\/li>\n<\/ul>\n<\/div><\/div>\n\n<div class=\"wp-block-group alignfull has-fond-jaune-motif-background-color has-background\" style=\"padding-top:90px;padding-bottom:110px\"><div class=\"wp-block-group__inner-container is-layout-flow wp-block-group-is-layout-flow\">\n<h3 class=\"wp-block-heading has-text-align-center\">Inicio del juego<\/h3>\n\n\n\n<p class=\"has-text-align-center is-style-default\"><strong>Una vez que tu equipo se haya registrado, se te invitar\u00e1 a la zona de reuniones, donde el profesor Albert Hashtag te explicar\u00e1 los entresijos del viaje en el tiempo y las normas a seguir. El objetivo es sencillo: reunir la energ\u00eda suficiente para volver al presente.<\/strong><\/p>\n\n\n\n<div style=\"height:40px\" aria-hidden=\"true\" class=\"wp-block-spacer\"><\/div>\n\n\n\n<h3 class=\"wp-block-heading has-text-align-center\">Desarrollo del juego<\/h3>\n\n\n\n<p class=\"has-text-align-center\"><strong>Aqu\u00ed est\u00e1s, inmerso en los Corredores del Tiempo, donde se te abren hasta 30 puertas, cada una correspondiente a una \u00e9poca. Detr\u00e1s de cada uno de ellos, tendr\u00e1s que completar una misi\u00f3n utilizando tu agilidad, capacidad de observaci\u00f3n y pensamiento en un tiempo l\u00edmite de entre 3 y 5 minutos.<\/strong><\/p>\n\n\n\n<p class=\"has-text-align-center\"><strong>Una pantalla te indicar\u00e1 el objetivo de la misi\u00f3n, y cada vez podr\u00e1s elegir entre 3 niveles de dificultad (f\u00e1cil, medio, dif\u00edcil) \u00a1Cuanto m\u00e1s alto sea el nivel, m\u00e1s energ\u00eda recoger\u00e1s!<\/strong><\/p>\n\n\n\n<div style=\"height:40px\" aria-hidden=\"true\" class=\"wp-block-spacer\"><\/div>\n\n\n\n<h3 class=\"wp-block-heading has-text-align-center\">Fin del juego<\/h3>\n\n\n\n<p class=\"has-text-align-center\"><strong>Al final de tu tiempo de juego, la mu\u00f1equera se desactiva. A continuaci\u00f3n, tendr\u00e1s que dirigirte a la zona de interrogatorio, donde el<br\/>El Profesor Hashtag te dir\u00e1 si has reunido suficiente energ\u00eda para volver al presente. No olvides sonre\u00edr: te ir\u00e1s con un recuerdo de tu viaje en el tiempo.<\/strong><\/p>\n\n\n\n<div style=\"height:60px\" aria-hidden=\"true\" class=\"wp-block-spacer\"><\/div>\n\n\n\n<div class=\"wp-block-columns is-layout-flex wp-container-core-columns-is-layout-9d6595d7 wp-block-columns-is-layout-flex\">\n<div class=\"wp-block-column is-layout-flow wp-block-column-is-layout-flow\">\n<h4 class=\"wp-block-heading\">Estrategia temporal<\/h4>\n\n\n\n<p>Una luz sobre cada puerta indica si el acceso est\u00e1 libre o cu\u00e1ndo lo estar\u00e1. De ti depende gestionar tu ruta para evitar retrasos y optimizar tu tiempo de juego.<\/p>\n<\/div>\n\n\n\n<div class=\"wp-block-column is-layout-flow wp-block-column-is-layout-flow\">\n<h4 class=\"wp-block-heading\">Reproducir<\/h4>\n\n\n\n<p>Con tantas combinaciones para elegir, te garantizamos que nunca har\u00e1s la misma ruta. Cada partido ser\u00e1 diferente.<\/p>\n<\/div>\n<\/div>\n<\/div><\/div>\n\n<div style=\"height:80px\" aria-hidden=\"true\" class=\"wp-block-spacer\"><\/div>\n\n<div style=\"height:60px\" aria-hidden=\"true\" class=\"wp-block-spacer\"><\/div>\n\n<div class=\"wp-block-group alignwide\"><div class=\"wp-block-group__inner-container is-layout-constrained wp-block-group-is-layout-constrained\">\n<div class=\"wp-block-columns is-layout-flex wp-container-core-columns-is-layout-9d6595d7 wp-block-columns-is-layout-flex\">\n<div class=\"wp-block-column is-layout-flow wp-block-column-is-layout-flow\">\n<p class=\"has-text-align-center\"><strong>En cada puerta encontrar\u00e1s un cartel que resume las habilidades que necesitas para superar el examen.<\/strong><\/p>\n<\/div>\n\n\n\n<div class=\"wp-block-column is-layout-flow wp-block-column-is-layout-flow\">\n<p class=\"has-text-align-center\"><strong>En cada sala, una pantalla te indicar\u00e1 el objetivo del juego. Puedes elegir entre 3 niveles de dificultad: f\u00e1cil, medio y dif\u00edcil.<\/strong><\/p>\n<\/div>\n\n\n\n<div class=\"wp-block-column is-layout-flow wp-block-column-is-layout-flow\">\n<p class=\"has-text-align-center\"><strong>Los puntos obtenidos al final de cada misi\u00f3n se simbolizan en forma de pila. El objetivo es sencillo: recoger toda la energ\u00eda posible para volver al presente.<\/strong><\/p>\n<\/div>\n<\/div>\n<\/div><\/div>\n","protected":false},"excerpt":{"rendered":"<p>todas las edades Como se trata de un juego de equipo, es muy f\u00e1cil mezclar las edades para que los jugadores m\u00e1s j\u00f3venes puedan participar con los mayores. Por motivos de la altura m\u00ednima requerida para determinados actos, el Parque Experimental es accesible para ni\u00f1os a partir de 8 a\u00f1os. Entre amigos No hay nada [&hellip;]<\/p>\n","protected":false},"author":1,"featured_media":0,"parent":0,"menu_order":0,"comment_status":"closed","ping_status":"closed","template":"page-small-entete.php","meta":{"footnotes":""},"class_list":["post-331","page","type-page","status-publish","hentry"],"_links":{"self":[{"href":"https:\/\/xperimentalpark.com\/es\/wp-json\/wp\/v2\/pages\/331","targetHints":{"allow":["GET"]}}],"collection":[{"href":"https:\/\/xperimentalpark.com\/es\/wp-json\/wp\/v2\/pages"}],"about":[{"href":"https:\/\/xperimentalpark.com\/es\/wp-json\/wp\/v2\/types\/page"}],"author":[{"embeddable":true,"href":"https:\/\/xperimentalpark.com\/es\/wp-json\/wp\/v2\/users\/1"}],"replies":[{"embeddable":true,"href":"https:\/\/xperimentalpark.com\/es\/wp-json\/wp\/v2\/comments?post=331"}],"version-history":[{"count":1,"href":"https:\/\/xperimentalpark.com\/es\/wp-json\/wp\/v2\/pages\/331\/revisions"}],"predecessor-version":[{"id":336,"href":"https:\/\/xperimentalpark.com\/es\/wp-json\/wp\/v2\/pages\/331\/revisions\/336"}],"wp:attachment":[{"href":"https:\/\/xperimentalpark.com\/es\/wp-json\/wp\/v2\/media?parent=331"}],"curies":[{"name":"wp","href":"https:\/\/api.w.org\/{rel}","templated":true}]}}