{"id":320,"date":"2024-02-20T12:29:23","date_gmt":"2024-02-20T11:29:23","guid":{"rendered":"https:\/\/xperimentalpark.com\/inicio\/"},"modified":"2024-04-30T11:52:48","modified_gmt":"2024-04-30T09:52:48","slug":"inicio","status":"publish","type":"page","link":"https:\/\/xperimentalpark.com\/es\/","title":{"rendered":"Inicio"},"content":{"rendered":"\n<div class=\"wp-block-media-text alignfull has-media-on-the-right is-stacked-on-mobile is-image-fill has-fond-jaune-motif-background-color has-background\"><div class=\"wp-block-media-text__content\">\n<div style=\"height:100px\" aria-hidden=\"true\" class=\"wp-block-spacer\"><\/div>\n\n\n<div class=\"wp-block-image\">\n<figure class=\"aligncenter size-full\"><img loading=\"lazy\" decoding=\"async\" width=\"392\" height=\"201\" src=\"https:\/\/xperimentalpark.com\/wp-content\/uploads\/2024\/02\/logo-experimental-park.webp\" alt=\"\" class=\"wp-image-20\" srcset=\"https:\/\/xperimentalpark.com\/wp-content\/uploads\/2024\/02\/logo-experimental-park.webp 392w, https:\/\/xperimentalpark.com\/wp-content\/uploads\/2024\/02\/logo-experimental-park-300x154.webp 300w, https:\/\/xperimentalpark.com\/wp-content\/uploads\/2024\/02\/logo-experimental-park-256x131.webp 256w\" sizes=\"auto, (max-width: 392px) 100vw, 392px\" \/><\/figure>\n<\/div>\n\n\n<h1 class=\"wp-block-heading has-text-align-center\"><mark style=\"background-color:rgba(0, 0, 0, 0)\" class=\"has-inline-color has-blanc-color\">elige tu<\/mark><br>\u00a1parque experimental!<\/h1>\n\n\n<div class=\"lazyblock-liste-exp-park-8J0sb wp-block-lazyblock-liste-exp-park\"><div class=\"liste-exp-parks\">\n    <div class=\"park\">\n    <div class=\"content\">\n     <h3>Lomme (59)<\/h3>\n     <p>\n       Z.A du Grand But 8 Rue du Ch\u00e2teau d\u2019Isenghien,  59160  Lomme <br>T\u00e9l :  03 20 08 10 56 \n     <\/p>\n    <a href=\"https:\/\/planetlomme.fr\/\" class=\"txt\" title=\"Lomme (59)\" target=\"_blank\" rel=\"noopener\">Elige este resort<\/a>\n    <\/div>\n  <\/div>\n      <div class=\"park\">\n    <div class=\"content\">\n     <h3>Laval<\/h3>\n     <p>\n       Monky &#8211; Parc de l&#8217;habitat  53000  Laval <br>T\u00e9l :  02 43 26 13 67 \n     <\/p>\n    <a href=\"https:\/\/laval.xperimentalpark.com\" class=\"txt\" title=\"Laval\" target=\"_blank\">Elige este resort<\/a>\n    <\/div>\n  <\/div>\n      <div class=\"park\">\n    <div class=\"content\">\n     <h3>V\u00e1lvulas<\/h3>\n     <p>\n       ZAC de Parc Lann, 4 Rue Aristide Boucicaut SPEED PARK Vannes  56000  Vannes <br>T\u00e9l :  02.97.42.59.66 \n     <\/p>\n    <a href=\"https:\/\/vannes.xperimentalpark.com\/\" class=\"txt\" title=\"V\u00e1lvulas\" target=\"_blank\">Elige este resort<\/a>\n    <\/div>\n  <\/div>\n      <div class=\"park\">\n    <div class=\"content\">\n     <h3>Jaux \/ Compi\u00e8gne<\/h3>\n     <p>\n       Place Jacques Tati  60880  JAUX <br>T\u00e9l :  03 65 69 01 28 \n     <\/p>\n    <a href=\"https:\/\/compiegne-jaux.xperimentalpark.com\/\" class=\"txt\" title=\"Jaux \/ Compi\u00e8gne\" target=\"_blank\">Elige este resort<\/a>\n    <\/div>\n  <\/div>\n            \n        <div class=\"park\">\n    <div class=\"btn-next\">\n      <a href=\"https:\/\/xperimentalpark.com\/implantations\/\">\n         pr\u00f3ximamente,<br \/>\nnoticias<br \/>\ncerrar         <span>aberturas<br \/>\ndesde tu casa!<\/span>\n      <\/a>\n\n      <\/div>\n      <\/div>\n<\/div><\/div><\/div><figure class=\"wp-block-media-text__media\" style=\"background-image:url(https:\/\/xperimentalpark.com\/wp-content\/uploads\/2024\/03\/salle-entree-exp-park-1024x683.webp);background-position:49% 36%\"><img loading=\"lazy\" decoding=\"async\" width=\"1024\" height=\"683\" src=\"https:\/\/xperimentalpark.com\/wp-content\/uploads\/2024\/03\/salle-entree-exp-park-1024x683.webp\" alt=\"Juego de acci\u00f3n Francia\" class=\"wp-image-221 size-full\" srcset=\"https:\/\/xperimentalpark.com\/wp-content\/uploads\/2024\/03\/salle-entree-exp-park-1024x683.webp 1024w, https:\/\/xperimentalpark.com\/wp-content\/uploads\/2024\/03\/salle-entree-exp-park-300x200.webp 300w, https:\/\/xperimentalpark.com\/wp-content\/uploads\/2024\/03\/salle-entree-exp-park-768x512.webp 768w, https:\/\/xperimentalpark.com\/wp-content\/uploads\/2024\/03\/salle-entree-exp-park-800x533.webp 800w, https:\/\/xperimentalpark.com\/wp-content\/uploads\/2024\/03\/salle-entree-exp-park-256x171.webp 256w, https:\/\/xperimentalpark.com\/wp-content\/uploads\/2024\/03\/salle-entree-exp-park.webp 1260w\" sizes=\"auto, (max-width: 1024px) 100vw, 1024px\" \/><\/figure><\/div>\n\n\n<div class=\"lazyblock-actus-exp-park-Z204HAD alignfull alignfull  wp-block-lazyblock-actus-exp-park\"><div class=\"actualites\">\n  <div class=\"content\">\n  <div class=\"top-actus\">\n    <h4>Noticias<\/h4>\n    <a href=\"https:\/\/xperimentalpark.com\/en\/blog\/news\/\" title=\"Toutes les actualit\u00e9s\">Ver todas las noticias<\/a>\n  <\/div>\n  \n    <\/div>\n  \n  <div class=\"les-actus\">\n          <div class=\"une-actu-wrapper\">\n      <div class=\"une-actu\">\n      <div class=\"date\">\n        <span>20<\/span><br> 02      <\/div>\n      <div class=\"les-textes\">\n      <h5> <a href=\"https:\/\/xperimentalpark.com\/es\/nuestras-proximas-aperturas-2024-en-francia\/\" class=\"txt\" title=\"Nuestras pr\u00f3ximas aperturas en 2025 en Francia y B\u00e9lgica\">Nuestras pr\u00f3ximas aperturas en 2025 en Francia y B\u00e9lgica<\/a><\/h5>\n       <div class=\"para\"> <a href=\"https:\/\/xperimentalpark.com\/es\/nuestras-proximas-aperturas-2024-en-francia\/\" class=\"txt\" title=\"Nuestras pr\u00f3ximas aperturas en 2025 en Francia y B\u00e9lgica\"><p>Nada menos que cuatro nuevos Parques Experimentales de Juegos de Acci\u00f3n se han abierto en Francia desde 2024, adem\u00e1s del de Compi\u00e8gne. Desde 2024, puedes encontrarnos en Lomme, Lille, Vannes y Laval, \u00a1y siempre en Compi\u00e8gne! \u00a1 Cinco Parques Experimentales ya abiertos! Ven a vernos pronto a Central Parc Valvert (Sainte-Genevi\u00e8ve-des-Bois &#8211; Valvert &#8211; Le [&hellip;]<\/p>\n<\/a><\/div>\n       <\/div>\n       <a href=\"https:\/\/xperimentalpark.com\/es\/nuestras-proximas-aperturas-2024-en-francia\/\" title=\"Nuestras pr\u00f3ximas aperturas en 2025 en Francia y B\u00e9lgica\"><\/a>\n    <\/div>\n      <\/div>\n      \n<\/div>\n<\/div><\/div>\n\n<div class=\"lazyblock-banniere-avec-boussole-Oqn9p alignfull alignfull  wp-block-lazyblock-banniere-avec-boussole\"><div class=\"banniere-boussole\">\n<div class=\"content gauche\">\n  <div class=\"image aos-init aos-animate\" data-aos=\"fade-right\" data-aos-offset=\"400\" data-aos-duration=\"800\" data-aos-easing=\"ease-out-cubic\">\n        <img decoding=\"async\" src=\"https:\/\/xperimentalpark.com\/wp-content\/uploads\/2024\/02\/tickets-entree-experimental-park.webp\" alt=\"\">\n  <\/div>\n  <div class=\"texte\">\n    <h2>Convi\u00e9rtete en franquiciado<br>\n    <span>Experimental Park<\/span>\n    <\/h2>\n    <p>Pide cita con nosotros y hablemos de tu proyecto de Parque Experimental. Hay muchas posibilidades disponibles para usted.<\/p>\n    <a href=\"https:\/\/xperimentalpark.com\/es\/contacta-con-nosotros\/\" title=\"Convi\u00e9rtete en franquiciado Experimental Park\">\n      Cont\u00e1ctenos      <\/a>\n  <\/div>\n<\/div>\n<\/div><\/div>","protected":false},"excerpt":{"rendered":"","protected":false},"author":1,"featured_media":0,"parent":0,"menu_order":0,"comment_status":"closed","ping_status":"closed","template":"","meta":{"footnotes":""},"class_list":["post-320","page","type-page","status-publish","hentry"],"_links":{"self":[{"href":"https:\/\/xperimentalpark.com\/es\/wp-json\/wp\/v2\/pages\/320","targetHints":{"allow":["GET"]}}],"collection":[{"href":"https:\/\/xperimentalpark.com\/es\/wp-json\/wp\/v2\/pages"}],"about":[{"href":"https:\/\/xperimentalpark.com\/es\/wp-json\/wp\/v2\/types\/page"}],"author":[{"embeddable":true,"href":"https:\/\/xperimentalpark.com\/es\/wp-json\/wp\/v2\/users\/1"}],"replies":[{"embeddable":true,"href":"https:\/\/xperimentalpark.com\/es\/wp-json\/wp\/v2\/comments?post=320"}],"version-history":[{"count":4,"href":"https:\/\/xperimentalpark.com\/es\/wp-json\/wp\/v2\/pages\/320\/revisions"}],"predecessor-version":[{"id":364,"href":"https:\/\/xperimentalpark.com\/es\/wp-json\/wp\/v2\/pages\/320\/revisions\/364"}],"wp:attachment":[{"href":"https:\/\/xperimentalpark.com\/es\/wp-json\/wp\/v2\/media?parent=320"}],"curies":[{"name":"wp","href":"https:\/\/api.w.org\/{rel}","templated":true}]}}