{"id":263,"date":"2024-02-20T12:50:56","date_gmt":"2024-02-20T11:50:56","guid":{"rendered":"https:\/\/xperimentalpark.com\/become-a-licensee\/"},"modified":"2026-03-14T09:28:06","modified_gmt":"2026-03-14T08:28:06","slug":"become-a-licensee","status":"publish","type":"page","link":"https:\/\/xperimentalpark.com\/en\/become-a-licensee\/","title":{"rendered":"Become a licensee"},"content":{"rendered":"\n<div class=\"wp-block-media-text alignfull is-stacked-on-mobile is-vertically-aligned-top is-image-fill-element\"><figure class=\"wp-block-media-text__media\"><img loading=\"lazy\" decoding=\"async\" width=\"1024\" height=\"768\" src=\"https:\/\/xperimentalpark.com\/wp-content\/uploads\/2024\/02\/JEUX-ARCADES-COMPIEGNE-1024x768.jpg\" alt=\"\" class=\"wp-image-71 size-full\" style=\"object-position:50% 50%\" srcset=\"https:\/\/xperimentalpark.com\/wp-content\/uploads\/2024\/02\/JEUX-ARCADES-COMPIEGNE-1024x768.jpg 1024w, https:\/\/xperimentalpark.com\/wp-content\/uploads\/2024\/02\/JEUX-ARCADES-COMPIEGNE-300x225.jpg 300w, https:\/\/xperimentalpark.com\/wp-content\/uploads\/2024\/02\/JEUX-ARCADES-COMPIEGNE-768x576.jpg 768w, https:\/\/xperimentalpark.com\/wp-content\/uploads\/2024\/02\/JEUX-ARCADES-COMPIEGNE-800x600.jpg 800w, https:\/\/xperimentalpark.com\/wp-content\/uploads\/2024\/02\/JEUX-ARCADES-COMPIEGNE-256x192.jpg 256w, https:\/\/xperimentalpark.com\/wp-content\/uploads\/2024\/02\/JEUX-ARCADES-COMPIEGNE.jpg 1181w\" sizes=\"auto, (max-width: 1024px) 100vw, 1024px\" \/><\/figure><div class=\"wp-block-media-text__content\">\n<h2 class=\"wp-block-heading\">Why choose Exp\u00e9rimental Park?<\/h2>\n\n\n\n<p>Registration kiosks also act as cash desks (for credit cards and cash). Fully automated, they limit staff and prevent theft. <\/p>\n\n\n\n<p>In a team, no player is a spectator; all members are involved and play. Every participant gets their money&#8217;s worth. <\/p>\n\n\n\n<p>Each player is fitted with an RFID wristband which records both his personal score and that of the team.<\/p>\n\n\n\n<p>The games are adapted to the number of participants and their age.<\/p>\n\n\n\n<p>Teams can choose between three levels of difficulty for each event: Easy &#8211; Medium &#8211; Difficult.<\/p>\n\n\n\n<p>4 &#8220;bonus&#8221; terminals in the time corridor to boost scores (under development).<\/p>\n\n\n\n<p>EXPERIMENTAL PARK is more profitable than its competitors: in a 30-room configuration, 150 people can play simultaneously.<\/p>\n\n\n\n<p>Each participant receives an e-mail with the score and photo of the group of friends or colleagues with whom they have just shared the experience.<\/p>\n\n\n\n<p>EXPERIMENTAL PARK can be operated on its own or in conjunction with another activity\/leisure center.<\/p>\n\n\n\n<p>There&#8217;s no need for staff to launch the game (briefing). One part-time employee is all that&#8217;s needed for maintenance. <\/p>\n\n\n\n<p>EXPERIMENTAL PARK, 3 financing solutions to suit all budgets.<\/p>\n<\/div><\/div>\n\n<div style=\"height:100px\" aria-hidden=\"true\" class=\"wp-block-spacer\"><\/div>\n\n<h2 class=\"wp-block-heading has-text-align-center\">Two <mark style=\"background-color:rgba(0, 0, 0, 0)\" class=\"has-inline-color has-orange-color\">possible<\/mark> configurations<\/h2>\n\n<div style=\"height:100px\" aria-hidden=\"true\" class=\"wp-block-spacer\"><\/div>\n\n<div class=\"wp-block-columns alignwide is-layout-flex wp-container-core-columns-is-layout-9d6595d7 wp-block-columns-is-layout-flex\">\n<div class=\"wp-block-column is-layout-flow wp-block-column-is-layout-flow\">\n<h3 class=\"wp-block-heading\"><mark style=\"background-color:rgba(0, 0, 0, 0)\" class=\"has-inline-color has-orange-color\">solo<\/mark> configuration<\/h3>\n\n\n\n<h4 class=\"wp-block-heading\">LOCATION<\/h4>\n\n\n\n<p>To create an Experimental Park, the site needs to be located in a high-traffic shopping area, or even better, in an area already home to leisure activities (restaurants, cinemas, bowling alleys, etc.), with good visibility, easy access and parking facilities.<br\/>Surface area required: 1,000 to 1,500 m\u00b2.<\/p>\n<\/div>\n\n\n\n<div class=\"wp-block-column is-layout-flow wp-block-column-is-layout-flow\">\n<h3 class=\"wp-block-heading\"><mark style=\"background-color:rgba(0, 0, 0, 0)\" class=\"has-inline-color has-orange-color\">integrated<\/mark> configuration<\/h3>\n\n\n\n<h4 class=\"wp-block-heading\">LOCATION<\/h4>\n\n\n\n<p>Experimental Parks can be added to or integrated into existing leisure activities (cinema, bowling, go-karting, etc.) to give them new life and appeal.<br\/>Surface area required: 500 \/ 600 m\u00b2.<\/p>\n<\/div>\n<\/div>\n\n<div class=\"wp-block-columns alignwide is-layout-flex wp-container-core-columns-is-layout-9d6595d7 wp-block-columns-is-layout-flex\">\n<div class=\"wp-block-column is-layout-flow wp-block-column-is-layout-flow\">\n<h4 class=\"wp-block-heading\">Key figures<\/h4>\n\n\n\n<div class=\"wp-block-group has-fond-jaune-motif-background-color has-background\"><div class=\"wp-block-group__inner-container is-layout-constrained wp-block-group-is-layout-constrained\">\n<p><strong>Number of admissions: 55,000 and 83,000\/year<\/strong><\/p>\n\n\n\n<p><strong>Average basket XX,XX\u20ac \u20ac.<\/strong> <mark style=\"background-color:rgba(0, 0, 0, 0)\" class=\"has-inline-color has-bleu-ciel-color\">\n  <a href=\"https:\/\/xperimentalpark.com\/contact\/\">(more<\/a>\n  <a href=\"https:\/\/xperimentalpark.com\/contact\/\" target=\"_blank\" rel=\"noreferrer noopener\">more)<\/a>\n<\/mark><\/p>\n\n\n\n<p><strong>Sales between XXX XXX \u20ac and X XXX XXX million<\/strong><\/p>\n\n\n\n<p><strong>Staff of 3\/6<\/strong> <strong>(bar, reception,1\/2 technician)<\/strong><\/p>\n<\/div><\/div>\n<\/div>\n\n\n\n<div class=\"wp-block-column is-layout-flow wp-block-column-is-layout-flow\">\n<h4 class=\"wp-block-heading\">Key figures<\/h4>\n\n\n\n<div class=\"wp-block-group has-fond-jaune-motif-background-color has-background\"><div class=\"wp-block-group__inner-container is-layout-constrained wp-block-group-is-layout-constrained\">\n<p><strong>Number of admissions: 28,000 to 48,000\/year<\/strong><\/p>\n\n\n\n<p><strong>Average shopping basket: \u20acXX.XX<\/strong> <mark style=\"background-color:rgba(0, 0, 0, 0)\" class=\"has-inline-color has-bleu-ciel-color\">\n  <a href=\"https:\/\/xperimentalpark.com\/contact\/\" target=\"_blank\" rel=\"noreferrer noopener\">(read more)<\/a>\n<\/mark><\/p>\n\n\n\n<p><strong>CA <strong>XXX XXX<\/strong> \u00e0 <strong>XXX XXX<\/strong> \u20ac,<\/strong><\/p>\n\n\n\n<p><strong>Staff: 1\/2 technical person<\/strong><\/p>\n<\/div><\/div>\n<\/div>\n<\/div>\n\n<div class=\"wp-block-columns alignwide is-layout-flex wp-container-core-columns-is-layout-9d6595d7 wp-block-columns-is-layout-flex\">\n<div class=\"wp-block-column is-layout-flow wp-block-column-is-layout-flow\">\n<h4 class=\"wp-block-heading\">Investment<\/h4>\n\n\n\n<p>Depending on the number of rooms, the cost of installing an Experimental Park including a bar and an arcade ranges from \u20ac900,000 to \u20ac1,300,000, including: complete layout, partitions, air conditioning, electricity, automation, IT, software.  <\/p>\n\n\n\n<h4 class=\"wp-block-heading\">Optional:  <\/h4>\n\n\n\n<p>treatment of decorated facades, self-checkout kiosks, glass gantries, turnstiles, Karaoke\/Quiz modules. Depending on the number of rooms, the cost of installation. <\/p>\n<\/div>\n\n\n\n<div class=\"wp-block-column is-layout-flow wp-block-column-is-layout-flow\">\n<h4 class=\"wp-block-heading\">Investment<\/h4>\n\n\n\n<p>Depending on the number of rooms*, the cost of installing an ExperimentalPark ranges from \u20ac450,000 to \u20ac750,000, including:<br\/>complete layout, partitions, air conditioning, electricity, automation, IT, software.<\/p>\n\n\n\n<h4 class=\"wp-block-heading\">Optional:<\/h4>\n\n\n\n<p>treatment of decorated facades, self-checkout kiosks, glass gantries, turnstiles, Karaoke\/Quiz modules<\/p>\n<\/div>\n<\/div>\n\n<div class=\"wp-block-group alignfull has-orange-color has-fond-bleu-motif-background-color has-text-color has-background has-link-color wp-elements-cdf1a10bfa87a06ef86b3f1f13803439\" style=\"padding-top:var(--wp--preset--spacing--60);padding-bottom:var(--wp--preset--spacing--60)\"><div class=\"wp-block-group__inner-container is-layout-constrained wp-block-group-is-layout-constrained\">\n<p class=\"has-text-align-center is-style-paragraphe-25-px-semi-bold has-medium-font-size\">A catalog of 40 playrooms is available to licensees.  <br\/>While a minimum of 20 rooms is required, the ideal number is 30.<\/p>\n<\/div><\/div>\n\n<div style=\"height:100px\" aria-hidden=\"true\" class=\"wp-block-spacer\"><\/div>\n\n<div class=\"wp-block-media-text alignfull is-stacked-on-mobile is-image-fill-element has-bleu-ciel-background-color has-background\"><figure class=\"wp-block-media-text__media\"><img loading=\"lazy\" decoding=\"async\" width=\"1024\" height=\"683\" src=\"https:\/\/xperimentalpark.com\/wp-content\/uploads\/2024\/02\/experimental-jaux-1024x683.jpg\" alt=\"Experimental Park Jaux Compi\u00e8gne\" class=\"wp-image-75 size-full\" style=\"object-position:50% 50%\" srcset=\"https:\/\/xperimentalpark.com\/wp-content\/uploads\/2024\/02\/experimental-jaux-1024x683.jpg 1024w, https:\/\/xperimentalpark.com\/wp-content\/uploads\/2024\/02\/experimental-jaux-300x200.jpg 300w, https:\/\/xperimentalpark.com\/wp-content\/uploads\/2024\/02\/experimental-jaux-768x512.jpg 768w, https:\/\/xperimentalpark.com\/wp-content\/uploads\/2024\/02\/experimental-jaux-1536x1024.jpg 1536w, https:\/\/xperimentalpark.com\/wp-content\/uploads\/2024\/02\/experimental-jaux-800x533.jpg 800w, https:\/\/xperimentalpark.com\/wp-content\/uploads\/2024\/02\/experimental-jaux-256x171.jpg 256w, https:\/\/xperimentalpark.com\/wp-content\/uploads\/2024\/02\/experimental-jaux.jpg 1960w\" sizes=\"auto, (max-width: 1024px) 100vw, 1024px\" \/><\/figure><div class=\"wp-block-media-text__content\">\n<h2 class=\"wp-block-heading\">Financing<\/h2>\n\n\n\n<p class=\"has-medium-font-size\"><strong>There are 3 possible solutions for financing the creation of an EXPERIMENTAL PARK:<\/strong><\/p>\n\n\n\n<p>Bank credit, personal contribution of 10 to 30%<br\/>Rental solutions<br\/>Association for a fixed term<\/p>\n\n\n\n<h2 class=\"wp-block-heading\">Brand licensing<\/h2>\n\n\n\n<p>Entry fee: \u20ac15,000<\/p>\n\n\n\n<p>Brand license: \u20ac29,000 \/ year <a href=\"https:\/\/xperimentalpark.com\/contact\/\">(find out more)<\/a><a href=\"https:\/\/xperimentalpark.com\/contact\/\" target=\"_blank\" rel=\"noreferrer noopener\"><br\/><\/a>(Use of the brand, online booking (integration of your own tool or use of our ready-to-use partner tool), local and national communication media, events&#8230;)<\/p>\n\n\n\n<p>Contract duration: 10 years<\/p>\n\n\n\n<p>Software rental: \u20ac1 per game per person for software<\/p>\n<\/div><\/div>\n\n<div class=\"wp-block-group alignfull has-fond-jaune-motif-background-color has-background\"><div class=\"wp-block-group__inner-container is-layout-constrained wp-block-group-is-layout-constrained\">\n<div style=\"height:100px\" aria-hidden=\"true\" class=\"wp-block-spacer\"><\/div>\n\n\n\n<div class=\"wp-block-columns alignwide is-layout-flex wp-container-core-columns-is-layout-9d6595d7 wp-block-columns-is-layout-flex\">\n<div class=\"wp-block-column is-layout-flow wp-block-column-is-layout-flow\">\n<h2 class=\"wp-block-heading\">An addictive game<\/h2>\n\n\n\n<p>The FHP Group, French leader in indoor leisure activities and creator of the SPEED PARK brand, has developed Experimental park in response to market trends and customer expectations for ever more intense, immersive experiences.<\/p>\n\n\n\n<p>Experimental park is a race against time, where teams combine their different but complementary skills to overcome the challenges thrown at them.<br\/>The success of this new project lies in its ability to mix generations around activities that can be shared without moderation between friends, family or work colleagues.<\/p>\n<\/div>\n\n\n\n<div class=\"wp-block-column is-layout-flow wp-block-column-is-layout-flow\">\n<h2 class=\"wp-block-heading\">The purpose of the game<\/h2>\n\n\n\n<p>The aim of the game is to score as many points (battery charges) as possible on a journey through different eras, in which players must overcome challenges that call for skill, reflection, culture, agility and strength.  <\/p>\n\n\n\n<p>Each time they take part in an event, participants are awarded energy credits based on their scores, enabling them to go back in time and return to the present.<\/p>\n<\/div>\n<\/div>\n\n\n\n<div style=\"height:100px\" aria-hidden=\"true\" class=\"wp-block-spacer\"><\/div>\n<\/div><\/div>\n\n<div class=\"wp-block-media-text alignfull has-media-on-the-right is-stacked-on-mobile is-image-fill-element\"><div class=\"wp-block-media-text__content\">\n<h2 class=\"wp-block-heading\">Our <mark style=\"background-color:rgba(0, 0, 0, 0)\" class=\"has-inline-color has-orange-color\">customers<\/mark><\/h2>\n\n\n\n<h3 class=\"wp-block-heading\">General public<\/h3>\n\n\n\n<p class=\"has-medium-font-size\">All ages are involved, from 7 upwards.<\/p>\n\n\n\n<h3 class=\"wp-block-heading\">Companies<\/h3>\n\n\n\n<p>The nature of the games is particularly conducive to group emulation and the development of team spirit.<br\/>Sale of team-building and incentive events to management committees.<br\/>Sale of tickets to works councils<br\/>Sale of advertising space<\/p>\n\n\n\n<h4 class=\"wp-block-heading\">27 planned openings<\/h4>\n\n\n\n<p><strong>2023<br\/><\/strong>Compi\u00e8gne (60)<\/p>\n\n\n\n<p><strong>2024<\/strong><br\/>Lille &#8211; Vannes- Laval- Lomme<br\/><\/p>\n\n\n\n<p><strong>2025<\/strong><br\/>Middelkerke( Belgium)<\/p>\n\n\n\n<p><strong>2026<\/strong><br\/>Madrid ( Spain) &#8211; Essonne 91 &#8211; Chamb\u00e9ry &#8211; Nantes &#8211; Li\u00e8ge( Belgium) &#8211; Le Mans &#8211; Lyon  <\/p>\n\n\n\n<p><strong>2027<\/strong><\/p>\n\n\n\n<p>Claye Souilly &#8211; Vaucluse 84 -Sarcelles<\/p>\n\n\n\n<p>+ 12 in Signatures<\/p>\n<\/div><figure class=\"wp-block-media-text__media\"><img loading=\"lazy\" decoding=\"async\" width=\"1024\" height=\"768\" src=\"https:\/\/xperimentalpark.com\/wp-content\/uploads\/2024\/02\/bar-exp-park-1024x768.jpg\" alt=\"Sport bar of the Exp\u00e9rimental Park franchise\" class=\"wp-image-131 size-full\" style=\"object-position:50% 50%\" srcset=\"https:\/\/xperimentalpark.com\/wp-content\/uploads\/2024\/02\/bar-exp-park-1024x768.jpg 1024w, https:\/\/xperimentalpark.com\/wp-content\/uploads\/2024\/02\/bar-exp-park-300x225.jpg 300w, https:\/\/xperimentalpark.com\/wp-content\/uploads\/2024\/02\/bar-exp-park-768x576.jpg 768w, https:\/\/xperimentalpark.com\/wp-content\/uploads\/2024\/02\/bar-exp-park-1536x1152.jpg 1536w, https:\/\/xperimentalpark.com\/wp-content\/uploads\/2024\/02\/bar-exp-park-800x600.jpg 800w, https:\/\/xperimentalpark.com\/wp-content\/uploads\/2024\/02\/bar-exp-park-256x192.jpg 256w, https:\/\/xperimentalpark.com\/wp-content\/uploads\/2024\/02\/bar-exp-park.jpg 1560w\" sizes=\"auto, (max-width: 1024px) 100vw, 1024px\" \/><\/figure><\/div>\n\n<div class=\"wp-block-media-text alignfull is-stacked-on-mobile is-image-fill-element\"><figure class=\"wp-block-media-text__media\"><img loading=\"lazy\" decoding=\"async\" width=\"1024\" height=\"683\" src=\"https:\/\/xperimentalpark.com\/wp-content\/uploads\/2024\/02\/entree-action-game-1024x683.jpg\" alt=\"\" class=\"wp-image-132 size-full\" style=\"object-position:50% 50%\" srcset=\"https:\/\/xperimentalpark.com\/wp-content\/uploads\/2024\/02\/entree-action-game-1024x683.jpg 1024w, https:\/\/xperimentalpark.com\/wp-content\/uploads\/2024\/02\/entree-action-game-300x200.jpg 300w, https:\/\/xperimentalpark.com\/wp-content\/uploads\/2024\/02\/entree-action-game-768x512.jpg 768w, https:\/\/xperimentalpark.com\/wp-content\/uploads\/2024\/02\/entree-action-game-1536x1024.jpg 1536w, https:\/\/xperimentalpark.com\/wp-content\/uploads\/2024\/02\/entree-action-game-800x533.jpg 800w, https:\/\/xperimentalpark.com\/wp-content\/uploads\/2024\/02\/entree-action-game-256x171.jpg 256w, https:\/\/xperimentalpark.com\/wp-content\/uploads\/2024\/02\/entree-action-game.jpg 1560w\" sizes=\"auto, (max-width: 1024px) 100vw, 1024px\" \/><\/figure><div class=\"wp-block-media-text__content\">\n<h2 class=\"wp-block-heading\">Around <mark style=\"background-color:rgba(0, 0, 0, 0)\" class=\"has-inline-color has-orange-color\">the game<\/mark><\/h2>\n\n\n\n<p class=\"has-medium-font-size\">In a &#8220;solo&#8221; configuration, EXPERIMENTAL PARK offers a warmly decorated and original lobby, where the public can consume, enjoy and relax, ensuring additional sales. Several levels of equipment are available, depending on available space and budget. <\/p>\n\n\n\n<h3 class=\"wp-block-heading\">Bar<\/h3>\n\n\n\n<p>A bar to reinvigorate yourself after an emotionally-charged experience: cocktails, softs, hot drinks, waffles, nachos and aperitif platters.<\/p>\n\n\n\n<h3 class=\"wp-block-heading\">Lounge<\/h3>\n\n\n\n<p>A lounge area where you can spend a pleasant moment with friends over a drink or a game of billiards.<\/p>\n\n\n\n<h3 class=\"wp-block-heading\">Sport bar<\/h3>\n\n\n\n<p>Giant screens to follow the latest sporting events and attract a clientele of sports enthusiasts.<\/p>\n\n\n\n<h3 class=\"wp-block-heading\">arcade GAMES<\/h3>\n\n\n\n<p>An area dedicated to the latest arcade games, combining virtual reality with iconic games such as King Kong of Skull Island, Sailor&#8217;s Quest and Moto Speed Rider 3.<br\/>Karaoke\/Quiz<br\/>Boxes for singing or laughing (max. 8 people).<\/p>\n\n\n\n<h3 class=\"wp-block-heading\">Bowling Flying Duck<\/h3>\n\n\n\n<p>This bowling game, played on a shorter lane with a smaller ball, offers the same sensations as traditional bowling.<\/p>\n<\/div><\/div>\n<div class=\"lazyblock-banniere-avec-boussole-Oqn9p alignfull alignfull  wp-block-lazyblock-banniere-avec-boussole\"><div class=\"banniere-boussole\">\n<div class=\"content gauche\">\n  <div class=\"image aos-init aos-animate\" data-aos=\"fade-right\" data-aos-offset=\"400\" data-aos-duration=\"800\" data-aos-easing=\"ease-out-cubic\">\n        <img decoding=\"async\" src=\"https:\/\/xperimentalpark.com\/wp-content\/uploads\/2024\/02\/tickets-entree-experimental-park.webp\" alt=\"\">\n  <\/div>\n  <div class=\"texte\">\n    <h2>Devenez Franchis\u00e9<br>\n    <span>Exp\u00e9rimental Park<\/span>\n    <\/h2>\n    <p>Prenez rendez-vous avec nous et parlons de votre projet Exp\u00e9rimental Park. Plein de possibilit\u00e9s s&#8217;offrent \u00e0 vous.<\/p>\n    <a href=\"https:\/\/xperimentalpark.com\/franchise-experimental-park\/\" title=\"Devenez Franchis\u00e9 Exp\u00e9rimental Park\">\n      Prendre Rendez-vous      <\/a>\n  <\/div>\n<\/div>\n<\/div><\/div>\n<div style=\"height:100px\" aria-hidden=\"true\" class=\"wp-block-spacer\"><\/div>\n","protected":false},"excerpt":{"rendered":"<p>Why choose Exp\u00e9rimental Park? Registration kiosks also act as cash desks (for credit cards and cash). Fully automated, they limit staff and prevent theft. In a team, no player is a spectator; all members are involved and play. Every participant gets their money&#8217;s worth. Each player is fitted with an RFID wristband which records both [&hellip;]<\/p>\n","protected":false},"author":1,"featured_media":239,"parent":0,"menu_order":0,"comment_status":"closed","ping_status":"closed","template":"","meta":{"footnotes":""},"class_list":["post-263","page","type-page","status-publish","has-post-thumbnail","hentry"],"_links":{"self":[{"href":"https:\/\/xperimentalpark.com\/en\/wp-json\/wp\/v2\/pages\/263","targetHints":{"allow":["GET"]}}],"collection":[{"href":"https:\/\/xperimentalpark.com\/en\/wp-json\/wp\/v2\/pages"}],"about":[{"href":"https:\/\/xperimentalpark.com\/en\/wp-json\/wp\/v2\/types\/page"}],"author":[{"embeddable":true,"href":"https:\/\/xperimentalpark.com\/en\/wp-json\/wp\/v2\/users\/1"}],"replies":[{"embeddable":true,"href":"https:\/\/xperimentalpark.com\/en\/wp-json\/wp\/v2\/comments?post=263"}],"version-history":[{"count":15,"href":"https:\/\/xperimentalpark.com\/en\/wp-json\/wp\/v2\/pages\/263\/revisions"}],"predecessor-version":[{"id":620,"href":"https:\/\/xperimentalpark.com\/en\/wp-json\/wp\/v2\/pages\/263\/revisions\/620"}],"wp:featuredmedia":[{"embeddable":true,"href":"https:\/\/xperimentalpark.com\/en\/wp-json\/wp\/v2\/media\/239"}],"wp:attachment":[{"href":"https:\/\/xperimentalpark.com\/en\/wp-json\/wp\/v2\/media?parent=263"}],"curies":[{"name":"wp","href":"https:\/\/api.w.org\/{rel}","templated":true}]}}