{"id":548,"date":"2024-02-20T12:50:56","date_gmt":"2024-02-20T11:50:56","guid":{"rendered":"https:\/\/xperimentalpark.com\/lizenznehmer-werden\/"},"modified":"2026-03-14T09:28:05","modified_gmt":"2026-03-14T08:28:05","slug":"lizenznehmer-werden","status":"publish","type":"page","link":"https:\/\/xperimentalpark.com\/de\/lizenznehmer-werden\/","title":{"rendered":"Lizenznehmer werden"},"content":{"rendered":"\n<div class=\"wp-block-media-text alignfull is-stacked-on-mobile is-vertically-aligned-top is-image-fill-element\"><figure class=\"wp-block-media-text__media\"><img loading=\"lazy\" decoding=\"async\" width=\"1024\" height=\"768\" src=\"https:\/\/xperimentalpark.com\/wp-content\/uploads\/2024\/02\/JEUX-ARCADES-COMPIEGNE-1024x768.jpg\" alt=\"\" class=\"wp-image-71 size-full\" style=\"object-position:50% 50%\" srcset=\"https:\/\/xperimentalpark.com\/wp-content\/uploads\/2024\/02\/JEUX-ARCADES-COMPIEGNE-1024x768.jpg 1024w, https:\/\/xperimentalpark.com\/wp-content\/uploads\/2024\/02\/JEUX-ARCADES-COMPIEGNE-300x225.jpg 300w, https:\/\/xperimentalpark.com\/wp-content\/uploads\/2024\/02\/JEUX-ARCADES-COMPIEGNE-768x576.jpg 768w, https:\/\/xperimentalpark.com\/wp-content\/uploads\/2024\/02\/JEUX-ARCADES-COMPIEGNE-800x600.jpg 800w, https:\/\/xperimentalpark.com\/wp-content\/uploads\/2024\/02\/JEUX-ARCADES-COMPIEGNE-256x192.jpg 256w, https:\/\/xperimentalpark.com\/wp-content\/uploads\/2024\/02\/JEUX-ARCADES-COMPIEGNE.jpg 1181w\" sizes=\"auto, (max-width: 1024px) 100vw, 1024px\" \/><\/figure><div class=\"wp-block-media-text__content\">\n<h2 class=\"wp-block-heading\">Warum sollten Sie sich f\u00fcr Experimental Park entscheiden?<\/h2>\n\n\n\n<p>Die Registrierungss\u00e4ulen dienen auch als Kasse (EC-Karte und Bargeld). Sie sind vollst\u00e4ndig automatisiert, so dass weniger Personal ben\u00f6tigt wird und Diebst\u00e4hle vermieden werden. <\/p>\n\n\n\n<p>In einem Team ist kein Spieler Zuschauer, alle Mitglieder sind beteiligt und spielen. Jeder Teilnehmer kommt auf seine Kosten. <\/p>\n\n\n\n<p>Jeder Spieler ist mit einem RFID-Armband ausgestattet, das sowohl sein pers\u00f6nliches Ergebnis als auch das des Teams aufzeichnet.<\/p>\n\n\n\n<p>Die Spiele werden an die Anzahl der Teilnehmer und ihr Alter angepasst.<\/p>\n\n\n\n<p>Bei jeder Pr\u00fcfung haben die Teams die Wahl zwischen drei Schwierigkeitsgraden: Leicht &#8211; Mittel &#8211; Schwer.<\/p>\n\n\n\n<p>4 &#8222;Bonus&#8220;-S\u00e4ulen im Zeitkorridor erm\u00f6glichen es, die Punktzahl zu erh\u00f6hen (in Vorbereitung).<\/p>\n\n\n\n<p>EXPERIMENTAL PARK ist profitabler als seine Konkurrenten. In einer Konfiguration mit 30 R\u00e4umen k\u00f6nnen 150 Personen gleichzeitig spielen.<\/p>\n\n\n\n<p>Jeder Teilnehmer erh\u00e4lt eine E-Mail mit der Punktzahl und dem Foto der Gruppe von Freunden oder Mitarbeitern, mit denen er gerade das Erlebnis geteilt hat.<\/p>\n\n\n\n<p>EXPERIMENTAL PARK kann allein oder in Kombination\/integriert mit einer anderen Aktivit\u00e4t\/einem anderen Freizeitzentrum betrieben werden.<\/p>\n\n\n\n<p>F\u00fcr die Einleitung der Partien (Briefing) ist kein Personal erforderlich. Eine Teilzeitkraft ist ausreichend, um die Wartung zu gew\u00e4hrleisten. <\/p>\n\n\n\n<p>EXPERIMENTAL PARK, 3 Finanzierungsl\u00f6sungen f\u00fcr jedes Budget.<\/p>\n<\/div><\/div>\n\n<div style=\"height:100px\" aria-hidden=\"true\" class=\"wp-block-spacer\"><\/div>\n\n<h2 class=\"wp-block-heading has-text-align-center\">Zwei <mark style=\"background-color:rgba(0, 0, 0, 0)\" class=\"has-inline-color has-orange-color\">m\u00f6gliche<\/mark> Konfigurationen<\/h2>\n\n<div style=\"height:100px\" aria-hidden=\"true\" class=\"wp-block-spacer\"><\/div>\n\n<div class=\"wp-block-columns alignwide is-layout-flex wp-container-core-columns-is-layout-9d6595d7 wp-block-columns-is-layout-flex\">\n<div class=\"wp-block-column is-layout-flow wp-block-column-is-layout-flow\">\n<h3 class=\"wp-block-heading\"><mark style=\"background-color:rgba(0, 0, 0, 0)\" class=\"has-inline-color has-orange-color\">Solo-Konfiguration<\/mark><\/h3>\n\n\n\n<h4 class=\"wp-block-heading\">IMPLANTATION<\/h4>\n\n\n\n<p>Ein Experimentalpark muss in einem stark frequentierten Einkaufsgebiet oder besser noch in einem Gebiet liegen, in dem bereits Freizeitaktivit\u00e4ten (Restaurants, Kinos, Bowlingbahnen&#8230;) vorhanden sind, das gut sichtbar ist, einen einfachen Zugang hat und \u00fcber Parkpl\u00e4tze verf\u00fcgt.<br\/>Erforderliche Fl\u00e4che: 1.000 bis 1.500 m\u00b2.<\/p>\n<\/div>\n\n\n\n<div class=\"wp-block-column is-layout-flow wp-block-column-is-layout-flow\">\n<h3 class=\"wp-block-heading\"><mark style=\"background-color:rgba(0, 0, 0, 0)\" class=\"has-inline-color has-orange-color\">Integrierte<\/mark> Konfiguration<\/h3>\n\n\n\n<h4 class=\"wp-block-heading\">IMPLANTATION<\/h4>\n\n\n\n<p>Experimental Parks k\u00f6nnen an bereits bestehende Freizeitaktivit\u00e4ten (Kino, Bowling, Karting&#8230;) angebaut oder in diese integriert werden, um neue Impulse und Attraktivit\u00e4t zu schaffen.<br\/>Ben\u00f6tigte Fl\u00e4che: 500 \/ 600 m\u00b2.<\/p>\n<\/div>\n<\/div>\n\n<div class=\"wp-block-columns alignwide is-layout-flex wp-container-core-columns-is-layout-9d6595d7 wp-block-columns-is-layout-flex\">\n<div class=\"wp-block-column is-layout-flow wp-block-column-is-layout-flow\">\n<h4 class=\"wp-block-heading\">Schl\u00fcsselzahlen<\/h4>\n\n\n\n<div class=\"wp-block-group has-fond-jaune-motif-background-color has-background\"><div class=\"wp-block-group__inner-container is-layout-constrained wp-block-group-is-layout-constrained\">\n<p><strong>Anzahl der Eintritte: 55.000 und 83.000\/Jahr<\/strong><\/p>\n\n\n\n<p><strong>Durchschnittlicher Warenkorb XX,XX\u20ac.<\/strong> <mark style=\"background-color:rgba(0, 0, 0, 0)\" class=\"has-inline-color has-bleu-ciel-color\"><a href=\"https:\/\/xperimentalpark.com\/contact\/\">(weitere Informationen)<\/a><a href=\"https:\/\/xperimentalpark.com\/contact\/\" target=\"_blank\" rel=\"noreferrer noopener\">mehr)<\/a><\/mark><\/p>\n\n\n\n<p><strong>Umsatz zwischen XXX XXX \u20ac und X XXX XXX Millionen<\/strong><\/p>\n\n\n\n<p><strong>Personal: 3\/6 Personen<\/strong> <strong>(Bar, Empfang, 1\/2 Techniker)<\/strong><\/p>\n<\/div><\/div>\n<\/div>\n\n\n\n<div class=\"wp-block-column is-layout-flow wp-block-column-is-layout-flow\">\n<h4 class=\"wp-block-heading\">Schl\u00fcsselzahlen<\/h4>\n\n\n\n<div class=\"wp-block-group has-fond-jaune-motif-background-color has-background\"><div class=\"wp-block-group__inner-container is-layout-constrained wp-block-group-is-layout-constrained\">\n<p><strong>Anzahl der Eintr\u00e4ge: 28.000 bis 48.000\/Jahr<\/strong><\/p>\n\n\n\n<p><strong>Durchschnittlicher Warenkorb: XX,XX \u20ac.<\/strong> <mark style=\"background-color:rgba(0, 0, 0, 0)\" class=\"has-inline-color has-bleu-ciel-color\"><a href=\"https:\/\/xperimentalpark.com\/contact\/\" target=\"_blank\" rel=\"noreferrer noopener\">(mehr dazu)<\/a><\/mark><\/p>\n\n\n\n<p><strong>CA <strong>XXX<\/strong> <strong>XXX<\/strong> bis <strong>XXX XXX<\/strong> \u20ac,<\/strong><\/p>\n\n\n\n<p><strong>Personalbestand: 1\/2 Person in der Technik<\/strong><\/p>\n<\/div><\/div>\n<\/div>\n<\/div>\n\n<div class=\"wp-block-columns alignwide is-layout-flex wp-container-core-columns-is-layout-9d6595d7 wp-block-columns-is-layout-flex\">\n<div class=\"wp-block-column is-layout-flow wp-block-column-is-layout-flow\">\n<h4 class=\"wp-block-heading\">Investition<\/h4>\n\n\n\n<p>Je nach Anzahl der S\u00e4le liegen die Kosten f\u00fcr die Einrichtung eines Experimentalparks mit einer Bar und einem Arcade-Spielraum zwischen 900.000 und 1.300.000 \u20ac, einschlie\u00dflich: komplette Einrichtung, Trennw\u00e4nde, Klimaanlage, Elektrizit\u00e4t, Automatisierung, Computer, Software.  <\/p>\n\n\n\n<h4 class=\"wp-block-heading\">Optional :  <\/h4>\n\n\n\n<p>die Behandlung der dekorierten Fassaden, Kassenautomaten, Glasportale, Drehkreuze, Karaoke-\/Quizmodule. Je nach Anzahl der S\u00e4le, Kosten f\u00fcr die Installation. <\/p>\n<\/div>\n\n\n\n<div class=\"wp-block-column is-layout-flow wp-block-column-is-layout-flow\">\n<h4 class=\"wp-block-heading\">Investition<\/h4>\n\n\n\n<p>Je nach Anzahl der R\u00e4ume* kostet die Einrichtung eines ExperimentalParks zwischen 450.000 und 750.000 \u20ac, einschlie\u00dflich:<br\/>komplette Einrichtung, Trennw\u00e4nde, Klimatisierung, Elektrizit\u00e4t, Automatisierung, Computer, Software.<\/p>\n\n\n\n<h4 class=\"wp-block-heading\">Optional :<\/h4>\n\n\n\n<p>die Behandlung von dekorierten Fassaden, Kassenautomaten, Glasportalen, Drehkreuzen, Karaoke-\/Quizmodulen<\/p>\n<\/div>\n<\/div>\n\n<div class=\"wp-block-group alignfull has-orange-color has-fond-bleu-motif-background-color has-text-color has-background has-link-color wp-elements-0c6ab531870361ca0dc84f304566bfd8\" style=\"padding-top:var(--wp--preset--spacing--60);padding-bottom:var(--wp--preset--spacing--60)\"><div class=\"wp-block-group__inner-container is-layout-constrained wp-block-group-is-layout-constrained\">\n<p class=\"has-text-align-center is-style-paragraphe-25-px-semi-bold has-medium-font-size\">Den Lizenznehmern steht ein Katalog mit 40 Spielzimmern zur Verf\u00fcgung.  <br\/>W\u00e4hrend ein Minimum von 20 R\u00e4umen erforderlich ist, liegt die ideale Anzahl bei 30 R\u00e4umen.<\/p>\n<\/div><\/div>\n\n<div style=\"height:100px\" aria-hidden=\"true\" class=\"wp-block-spacer\"><\/div>\n\n<div class=\"wp-block-media-text alignfull is-stacked-on-mobile is-image-fill-element has-bleu-ciel-background-color has-background\"><figure class=\"wp-block-media-text__media\"><img loading=\"lazy\" decoding=\"async\" width=\"1024\" height=\"683\" src=\"https:\/\/xperimentalpark.com\/wp-content\/uploads\/2024\/02\/experimental-jaux-1024x683.jpg\" alt=\"Experimenteller Park Jaux Compi\u00e8gne\" class=\"wp-image-75 size-full\" style=\"object-position:50% 50%\" srcset=\"https:\/\/xperimentalpark.com\/wp-content\/uploads\/2024\/02\/experimental-jaux-1024x683.jpg 1024w, https:\/\/xperimentalpark.com\/wp-content\/uploads\/2024\/02\/experimental-jaux-300x200.jpg 300w, https:\/\/xperimentalpark.com\/wp-content\/uploads\/2024\/02\/experimental-jaux-768x512.jpg 768w, https:\/\/xperimentalpark.com\/wp-content\/uploads\/2024\/02\/experimental-jaux-1536x1024.jpg 1536w, https:\/\/xperimentalpark.com\/wp-content\/uploads\/2024\/02\/experimental-jaux-800x533.jpg 800w, https:\/\/xperimentalpark.com\/wp-content\/uploads\/2024\/02\/experimental-jaux-256x171.jpg 256w, https:\/\/xperimentalpark.com\/wp-content\/uploads\/2024\/02\/experimental-jaux.jpg 1960w\" sizes=\"auto, (max-width: 1024px) 100vw, 1024px\" \/><\/figure><div class=\"wp-block-media-text__content\">\n<h2 class=\"wp-block-heading\">Finanzierung<\/h2>\n\n\n\n<p class=\"has-medium-font-size\"><strong>Es gibt 3 M\u00f6glichkeiten, die Einrichtung eines EXPERIMENTAL PARK zu finanzieren:<\/strong><\/p>\n\n\n\n<p>Bankkredit, pers\u00f6nliche Einlage von 10-30%<br\/>Mietl\u00f6sungen<br\/>Assoziation f\u00fcr einen bestimmten Zeitraum<\/p>\n\n\n\n<h2 class=\"wp-block-heading\">Markenlizenz<\/h2>\n\n\n\n<p>Eintrittsgeb\u00fchr: 15.000 \u20ac.<\/p>\n\n\n\n<p>Markenlizenz: 29.000 \u20ac \/ Jahr <a href=\"https:\/\/xperimentalpark.com\/contact\/\">(weitere Informationen)<\/a><a href=\"https:\/\/xperimentalpark.com\/contact\/\" target=\"_blank\" rel=\"noreferrer noopener\"><br\/><\/a>(Nutzung der Marke, Online-Reservierung (Integration Ihres Tools oder Nutzung unseres gebrauchsfertigen Partner-Tools), lokale und nationale Kommunikationsmittel, Animationen&#8230;)<\/p>\n\n\n\n<p>Laufzeit des Vertrags: 10 Jahre<\/p>\n\n\n\n<p>Softwaremiete: 1 \u20ac pro Spiel pro Person f\u00fcr die Software<\/p>\n<\/div><\/div>\n\n<div class=\"wp-block-group alignfull has-fond-jaune-motif-background-color has-background\"><div class=\"wp-block-group__inner-container is-layout-constrained wp-block-group-is-layout-constrained\">\n<div style=\"height:100px\" aria-hidden=\"true\" class=\"wp-block-spacer\"><\/div>\n\n\n\n<div class=\"wp-block-columns alignwide is-layout-flex wp-container-core-columns-is-layout-9d6595d7 wp-block-columns-is-layout-flex\">\n<div class=\"wp-block-column is-layout-flow wp-block-column-is-layout-flow\">\n<h2 class=\"wp-block-heading\">Ein s\u00fcchtig machendes Spiel<\/h2>\n\n\n\n<p>Die FHP-Gruppe, der franz\u00f6sische Marktf\u00fchrer f\u00fcr Indoor-Freizeitaktivit\u00e4ten und Gr\u00fcnder der Marke SPEED PARK, hat Experimental park entwickelt, um der Entwicklung des Marktes und den Erwartungen der Kunden gerecht zu werden, die immer intensivere und immersivere Erfahrungen machen m\u00f6chten.<\/p>\n\n\n\n<p>Experimental park ist ein Wettlauf gegen die Zeit, bei dem die Teams ihre unterschiedlichen und sich erg\u00e4nzenden F\u00e4higkeiten vereinen, um die Herausforderungen zu meistern, die ihnen gestellt werden.<br\/>Der Erfolg dieses neuen Projekts beruht auf seiner F\u00e4higkeit, die Generationen bei Aktivit\u00e4ten zu mischen, die mit Freunden, Familie und Arbeitskollegen geteilt werden k\u00f6nnen.<\/p>\n<\/div>\n\n\n\n<div class=\"wp-block-column is-layout-flow wp-block-column-is-layout-flow\">\n<h2 class=\"wp-block-heading\">Der Zweck des Spiels<\/h2>\n\n\n\n<p>Das Ziel des Spiels ist es, so viele Punkte (Batterieladung) wie m\u00f6glich auf einer Reise durch verschiedene Epochen zu sammeln, in denen die Spieler Herausforderungen bew\u00e4ltigen m\u00fcssen, die Geschicklichkeit, Denkverm\u00f6gen, Kultur, Beweglichkeit und Kraft erfordern.  <\/p>\n\n\n\n<p>Bei jeder Runde erhalten die Teilnehmer Energieguthaben, die es ihnen erm\u00f6glichen, in die Vergangenheit zu reisen, um in die Gegenwart zur\u00fcckzukehren.<\/p>\n<\/div>\n<\/div>\n\n\n\n<div style=\"height:100px\" aria-hidden=\"true\" class=\"wp-block-spacer\"><\/div>\n<\/div><\/div>\n\n<div class=\"wp-block-media-text alignfull has-media-on-the-right is-stacked-on-mobile is-image-fill-element\"><div class=\"wp-block-media-text__content\">\n<h2 class=\"wp-block-heading\">Die <mark style=\"background-color:rgba(0, 0, 0, 0)\" class=\"has-inline-color has-orange-color\">Kundschaft<\/mark><\/h2>\n\n\n\n<h3 class=\"wp-block-heading\">Allgemeines Publikum<\/h3>\n\n\n\n<p class=\"has-medium-font-size\">Alle Altersgruppen ab 7 Jahren.<\/p>\n\n\n\n<h3 class=\"wp-block-heading\">Unternehmen<\/h3>\n\n\n\n<p>Die Art der Spiele ist besonders f\u00f6rderlich f\u00fcr den Gruppenwettbewerb und die Entwicklung des Teamgeistes.<br\/>Verkauf von Teambuilding- und Incentive-Veranstaltungen an F\u00fchrungsgremien.<br\/>Verkauf von Eintrittskarten an Betriebsr\u00e4te<br\/>Verkauf von Werbefl\u00e4chen<\/p>\n\n\n\n<h4 class=\"wp-block-heading\">27 Geplante Er\u00f6ffnungen<\/h4>\n\n\n\n<p><strong>2023<br\/><\/strong>Compi\u00e8gne (60)<\/p>\n\n\n\n<p><strong>2024<\/strong><br\/>Lille &#8211; Vannes &#8211; Laval &#8211; Lomme<br\/><\/p>\n\n\n\n<p><strong>2025<\/strong><br\/>Middelkerke( Belgien)<\/p>\n\n\n\n<p><strong>2026<\/strong><br\/>Madrid ( Spanien) &#8211; Essonne 91 &#8211; Chamb\u00e9ry &#8211; Nantes &#8211; L\u00fcttich ( Belgien) &#8211; Le Mans &#8211; Lyon  <\/p>\n\n\n\n<p><strong>2027<\/strong><\/p>\n\n\n\n<p>Claye Souilly &#8211; Vaucluse 84 -Sarcelles<\/p>\n\n\n\n<p>+ 12 in Unterschriften<\/p>\n<\/div><figure class=\"wp-block-media-text__media\"><img loading=\"lazy\" decoding=\"async\" width=\"1024\" height=\"768\" src=\"https:\/\/xperimentalpark.com\/wp-content\/uploads\/2024\/02\/bar-exp-park-1024x768.jpg\" alt=\"Sportbar des Franchise-Systems Experimental Park\" class=\"wp-image-131 size-full\" style=\"object-position:50% 50%\" srcset=\"https:\/\/xperimentalpark.com\/wp-content\/uploads\/2024\/02\/bar-exp-park-1024x768.jpg 1024w, https:\/\/xperimentalpark.com\/wp-content\/uploads\/2024\/02\/bar-exp-park-300x225.jpg 300w, https:\/\/xperimentalpark.com\/wp-content\/uploads\/2024\/02\/bar-exp-park-768x576.jpg 768w, https:\/\/xperimentalpark.com\/wp-content\/uploads\/2024\/02\/bar-exp-park-1536x1152.jpg 1536w, https:\/\/xperimentalpark.com\/wp-content\/uploads\/2024\/02\/bar-exp-park-800x600.jpg 800w, https:\/\/xperimentalpark.com\/wp-content\/uploads\/2024\/02\/bar-exp-park-256x192.jpg 256w, https:\/\/xperimentalpark.com\/wp-content\/uploads\/2024\/02\/bar-exp-park.jpg 1560w\" sizes=\"auto, (max-width: 1024px) 100vw, 1024px\" \/><\/figure><\/div>\n\n<div class=\"wp-block-media-text alignfull is-stacked-on-mobile is-image-fill-element\"><figure class=\"wp-block-media-text__media\"><img loading=\"lazy\" decoding=\"async\" width=\"1024\" height=\"683\" src=\"https:\/\/xperimentalpark.com\/wp-content\/uploads\/2024\/02\/entree-action-game-1024x683.jpg\" alt=\"\" class=\"wp-image-132 size-full\" style=\"object-position:50% 50%\" srcset=\"https:\/\/xperimentalpark.com\/wp-content\/uploads\/2024\/02\/entree-action-game-1024x683.jpg 1024w, https:\/\/xperimentalpark.com\/wp-content\/uploads\/2024\/02\/entree-action-game-300x200.jpg 300w, https:\/\/xperimentalpark.com\/wp-content\/uploads\/2024\/02\/entree-action-game-768x512.jpg 768w, https:\/\/xperimentalpark.com\/wp-content\/uploads\/2024\/02\/entree-action-game-1536x1024.jpg 1536w, https:\/\/xperimentalpark.com\/wp-content\/uploads\/2024\/02\/entree-action-game-800x533.jpg 800w, https:\/\/xperimentalpark.com\/wp-content\/uploads\/2024\/02\/entree-action-game-256x171.jpg 256w, https:\/\/xperimentalpark.com\/wp-content\/uploads\/2024\/02\/entree-action-game.jpg 1560w\" sizes=\"auto, (max-width: 1024px) 100vw, 1024px\" \/><\/figure><div class=\"wp-block-media-text__content\">\n<h2 class=\"wp-block-heading\">Rund um <mark style=\"background-color:rgba(0, 0, 0, 0)\" class=\"has-inline-color has-orange-color\">das Spiel<\/mark><\/h2>\n\n\n\n<p class=\"has-medium-font-size\">EXPERIMENTAL PARK bietet im Rahmen einer &#8222;Solo-Konfiguration&#8220; eine Empfangshalle mit einem warmen und originellen Dekor, in der das Publikum konsumieren, sich am\u00fcsieren und entspannen kann, um zus\u00e4tzliche Verk\u00e4ufe zu sichern. Je nach verf\u00fcgbarem Platz und Budget werden verschiedene Ausstattungsvarianten angeboten. <\/p>\n\n\n\n<h3 class=\"wp-block-heading\">Bar<\/h3>\n\n\n\n<p>Eine Bar, in der Sie sich nach einem erlebnisreichen Tag mit Cocktails, Softdrinks, hei\u00dfen Getr\u00e4nken, Waffeln, Nachos und Aperitif-Brettern erfrischen k\u00f6nnen.<\/p>\n\n\n\n<h3 class=\"wp-block-heading\">Lounge<\/h3>\n\n\n\n<p>Ein Loungebereich, in dem Sie mit Freunden einen Drink genie\u00dfen oder eine Partie Billard spielen k\u00f6nnen.<\/p>\n\n\n\n<h3 class=\"wp-block-heading\">Sportbar<\/h3>\n\n\n\n<p>Gro\u00dfbildschirme, um die aktuellen Sportereignisse zu verfolgen und eine sportbegeisterte Kundschaft zu gewinnen.<\/p>\n\n\n\n<h3 class=\"wp-block-heading\">Arcade-Spiele<\/h3>\n\n\n\n<p>Ein Bereich, der den neuesten Arcade-Spielen gewidmet ist und Virtual Reality mit ikonischen Spielen wie King Kong of Skull Island, Sailor&#8217;s Quest oder Moto Speed Rider 3 verbindet.<br\/>Karaoke\/Quiz<br\/>Boxen zum Singen und Lachen (max. 8 Personen)<\/p>\n\n\n\n<h3 class=\"wp-block-heading\">Bowling Flying Duck<\/h3>\n\n\n\n<p>Dieses Bowlingspiel, das auf einer k\u00fcrzeren Bahn mit einem kleineren Ball gespielt wird, bietet das gleiche Gef\u00fchl wie das traditionelle Bowling.<\/p>\n<\/div><\/div>\n<div class=\"lazyblock-banniere-avec-boussole-Oqn9p alignfull alignfull  wp-block-lazyblock-banniere-avec-boussole\"><div class=\"banniere-boussole\">\n<div class=\"content gauche\">\n  <div class=\"image aos-init aos-animate\" data-aos=\"fade-right\" data-aos-offset=\"400\" data-aos-duration=\"800\" data-aos-easing=\"ease-out-cubic\">\n        <img decoding=\"async\" src=\"https:\/\/xperimentalpark.com\/wp-content\/uploads\/2024\/02\/tickets-entree-experimental-park.webp\" alt=\"\">\n  <\/div>\n  <div class=\"texte\">\n    <h2>Devenez Franchis\u00e9<br>\n    <span>Exp\u00e9rimental Park<\/span>\n    <\/h2>\n    <p>Prenez rendez-vous avec nous et parlons de votre projet Exp\u00e9rimental Park. Plein de possibilit\u00e9s s&#8217;offrent \u00e0 vous.<\/p>\n    <a href=\"https:\/\/xperimentalpark.com\/franchise-experimental-park\/\" title=\"Devenez Franchis\u00e9 Exp\u00e9rimental Park\">\n      Prendre Rendez-vous      <\/a>\n  <\/div>\n<\/div>\n<\/div><\/div>\n<div style=\"height:100px\" aria-hidden=\"true\" class=\"wp-block-spacer\"><\/div>\n","protected":false},"excerpt":{"rendered":"<p>Warum sollten Sie sich f\u00fcr Experimental Park entscheiden? Die Registrierungss\u00e4ulen dienen auch als Kasse (EC-Karte und Bargeld). Sie sind vollst\u00e4ndig automatisiert, so dass weniger Personal ben\u00f6tigt wird und Diebst\u00e4hle vermieden werden. In einem Team ist kein Spieler Zuschauer, alle Mitglieder sind beteiligt und spielen. Jeder Teilnehmer kommt auf seine Kosten. Jeder Spieler ist mit einem [&hellip;]<\/p>\n","protected":false},"author":1,"featured_media":551,"parent":0,"menu_order":0,"comment_status":"closed","ping_status":"closed","template":"","meta":{"footnotes":""},"class_list":["post-548","page","type-page","status-publish","has-post-thumbnail","hentry"],"_links":{"self":[{"href":"https:\/\/xperimentalpark.com\/de\/wp-json\/wp\/v2\/pages\/548","targetHints":{"allow":["GET"]}}],"collection":[{"href":"https:\/\/xperimentalpark.com\/de\/wp-json\/wp\/v2\/pages"}],"about":[{"href":"https:\/\/xperimentalpark.com\/de\/wp-json\/wp\/v2\/types\/page"}],"author":[{"embeddable":true,"href":"https:\/\/xperimentalpark.com\/de\/wp-json\/wp\/v2\/users\/1"}],"replies":[{"embeddable":true,"href":"https:\/\/xperimentalpark.com\/de\/wp-json\/wp\/v2\/comments?post=548"}],"version-history":[{"count":9,"href":"https:\/\/xperimentalpark.com\/de\/wp-json\/wp\/v2\/pages\/548\/revisions"}],"predecessor-version":[{"id":619,"href":"https:\/\/xperimentalpark.com\/de\/wp-json\/wp\/v2\/pages\/548\/revisions\/619"}],"wp:featuredmedia":[{"embeddable":true,"href":"https:\/\/xperimentalpark.com\/de\/wp-json\/wp\/v2\/media\/551"}],"wp:attachment":[{"href":"https:\/\/xperimentalpark.com\/de\/wp-json\/wp\/v2\/media?parent=548"}],"curies":[{"name":"wp","href":"https:\/\/api.w.org\/{rel}","templated":true}]}}