{"id":540,"date":"2024-02-20T14:57:32","date_gmt":"2024-02-20T13:57:32","guid":{"rendered":"https:\/\/xperimentalpark.com\/das-konzept\/"},"modified":"2026-03-04T13:13:13","modified_gmt":"2026-03-04T12:13:13","slug":"das-konzept","status":"publish","type":"page","link":"https:\/\/xperimentalpark.com\/de\/das-konzept\/","title":{"rendered":"Das Konzept"},"content":{"rendered":"\n<div style=\"height:82px\" aria-hidden=\"true\" class=\"wp-block-spacer\"><\/div>\n\n<div class=\"wp-block-group alignfull\" style=\"padding-right:7em;padding-left:7em\"><div class=\"wp-block-group__inner-container is-layout-constrained wp-container-core-group-is-layout-4c296af5 wp-block-group-is-layout-constrained\">\n<div class=\"wp-block-columns alignfull is-layout-flex wp-container-core-columns-is-layout-ed5226f6 wp-block-columns-is-layout-flex\" style=\"padding-right:0;padding-left:0\">\n<div class=\"wp-block-column is-layout-flow wp-block-column-is-layout-flow\" style=\"padding-right:0;padding-left:0\">\n<h3 class=\"wp-block-heading\">alle <mark style=\"background-color:rgba(0, 0, 0, 0)\" class=\"has-inline-color has-orange-color\">Altersgruppen<\/mark><\/h3>\n\n\n\n<p>Da es sich um ein Teamspiel handelt, ist es sehr einfach, die Altersgruppen zu mischen, so dass j\u00fcngere Kinder zusammen mit \u00e4lteren Kindern teilnehmen k\u00f6nnen. Aufgrund der Mindestgr\u00f6\u00dfe f\u00fcr bestimmte Aufgaben ist Experimental Park f\u00fcr Kinder ab 8 Jahren geeignet. <\/p>\n<\/div>\n\n\n\n<div class=\"wp-block-column is-layout-flow wp-block-column-is-layout-flow\">\n<h3 class=\"wp-block-heading\">Unter <mark style=\"background-color:rgba(0, 0, 0, 0)\" class=\"has-inline-color has-orange-color\">Freunden<\/mark><\/h3>\n\n\n\n<p>Es gibt nichts Unterhaltsameres, als sich mit Freunden herauszufordern und mit guter Laune gegeneinander in einem Spiel anzutreten, das Sie von \u00dcberraschung zu \u00dcberraschung f\u00fchrt und Ihnen unvergessliche Momente beschert. Experimental Park ist der perfekte Ort f\u00fcr Junggesellenabschiede, Geburtstage und Jubil\u00e4en. <\/p>\n<\/div>\n\n\n\n<div class=\"wp-block-column is-layout-flow wp-block-column-is-layout-flow\">\n<h3 class=\"wp-block-heading\">In der <mark style=\"background-color:rgba(0, 0, 0, 0)\" class=\"has-inline-color has-orange-color\">Familie<\/mark><\/h3>\n\n\n\n<p>Der Experimental Park ist der ideale Ort, um mit der ganzen Familie eine tolle Zeit zu verbringen. Der Park ist ab 8 Jahren zug\u00e4nglich und kann sogar mehrere Generationen vereinen, da die Vielfalt der Aktivit\u00e4ten auf dem Parcours f\u00fcr alle geeignet ist! Hier k\u00f6nnen Sie sogar Cousin- oder Geburtstagsfeiern organisieren!  <\/p>\n<\/div>\n\n\n\n<div class=\"wp-block-column is-layout-flow wp-block-column-is-layout-flow\">\n<h3 class=\"wp-block-heading\">F\u00fcr <mark style=\"background-color:rgba(0, 0, 0, 0)\" class=\"has-inline-color has-orange-color\">Unternehmen<\/mark><\/h3>\n\n\n\n<p>Experimental Park ist der perfekte Ort f\u00fcr Ihr Team Building und andere Firmenveranstaltungen. Steigern Sie den Teamzusammenhalt, entfachen Sie eine neue Dynamik oder entwickeln Sie die Synergie zwischen den verschiedenen Abteilungen. Experimental Park bietet Ihnen die M\u00f6glichkeit, gemeinsam mit Ihren Kollegen eine neue Erfahrung zu machen.  <\/p>\n<\/div>\n<\/div>\n<\/div><\/div>\n\n<div style=\"height:80px\" aria-hidden=\"true\" class=\"wp-block-spacer\"><\/div>\n\n<div class=\"wp-block-columns is-layout-flex wp-container-core-columns-is-layout-9d6595d7 wp-block-columns-is-layout-flex\">\n<div class=\"wp-block-column is-layout-flow wp-block-column-is-layout-flow\">\n<h3 class=\"wp-block-heading\"><mark style=\"background-color:rgba(0, 0, 0, 0)\" class=\"has-inline-color has-orange-color\">Zweck des Spiels<\/mark><\/h3>\n\n\n\n<p>Aufgrund eines ungl\u00fccklichen Experiments ist Professor Albert Hashtag in den Zeitkorridoren gefangen. Ihre Aufgabe ist es, so viel Energie wie m\u00f6glich zu sammeln, um in die Gegenwart zur\u00fcckzukehren. <\/p>\n<\/div>\n\n\n\n<div class=\"wp-block-column is-layout-flow wp-block-column-is-layout-flow\" style=\"padding-top:0px\">\n<p class=\"is-style-paragraphe-25-px-bold-bord-gauche\">Diese Aufgaben fordern gleicherma\u00dfen Denken, Beobachten, Ged\u00e4chtnis, Geschicklichkeit und Beweglichkeit.<\/p>\n\n\n\n<p>Zusammenhalt und Komplementarit\u00e4t sind die ersten St\u00e4rken einer Gruppe, daher ist es wichtig, dass Sie Ihr Team gut zusammenstellen. Alle Punkte, die Sie im Laufe des Spiels sammeln, werden in Form von Energie auf einem RFID-Armband gespeichert. Am Ende des Spiels wird Ihnen Ihr Punktestand angezeigt und best\u00e4tigt, ob die Energie, die Sie gesammelt haben, es Ihnen erlaubt, in die Gegenwart zur\u00fcckzukehren.  <\/p>\n<\/div>\n<\/div>\n\n<div class=\"wp-block-media-text alignfull is-stacked-on-mobile is-vertically-aligned-center is-image-fill has-bleu-ciel-background-color has-background\"><figure class=\"wp-block-media-text__media\" style=\"background-image:url(https:\/\/xperimentalpark.com\/wp-content\/uploads\/2023\/08\/DSC_8321-1024x683.jpg);background-position:50% 50%\"><img decoding=\"async\" src=\"https:\/\/xperimentalpark.com\/wp-content\/uploads\/2023\/08\/DSC_8321-1024x683.jpg\" alt=\"\" class=\"wp-image-652 size-full\"\/><\/figure><div class=\"wp-block-media-text__content\">\n<h3 class=\"wp-block-heading\">Wie spielt man?<\/h3>\n\n\n\n<ul class=\"is-style-liste-puces-jaune wp-block-list\">\n<li>Stellen Sie Ihr Team aus 2 bis 5 Spielern zusammen.  <\/li>\n\n\n\n<li>Besuchen Sie die Automaten<\/li>\n\n\n\n<li>W\u00e4hlen Sie Ihre Spielzeit: 1.00 oder 1.30 Uhr.<\/li>\n\n\n\n<li>Erwerben Sie die Partien, die der Anzahl der Teilnehmer und der Spielzeit entsprechen.<\/li>\n\n\n\n<li>Jeder Spieler erh\u00e4lt ein RFID-Armband.<\/li>\n\n\n\n<li>Das RFID-Armband erm\u00f6glicht es, die T\u00fcren entlang des Zeitkorridors zu \u00f6ffnen und die Energie zu erfassen, die durch die durchlaufenen Pr\u00fcfungen gesammelt wurde.<\/li>\n<\/ul>\n<\/div><\/div>\n\n<div class=\"wp-block-group alignfull has-fond-jaune-motif-background-color has-background\" style=\"padding-top:90px;padding-bottom:110px\"><div class=\"wp-block-group__inner-container is-layout-flow wp-block-group-is-layout-flow\">\n<h3 class=\"wp-block-heading has-text-align-center\">Beginn des Spiels<\/h3>\n\n\n\n<p class=\"has-text-align-center is-style-default\"><strong>Nachdem Sie Ihr Team angemeldet haben, werden Sie in den Briefingbereich gebeten, wo Professor Albert Hashtag Ihnen die Hintergr\u00fcnde und Regeln der Zeitreise erl\u00e4utert. Das Ziel ist einfach: Sammeln Sie genug Energie, um in die Gegenwart zur\u00fcckzukehren. <\/strong><\/p>\n\n\n\n<div style=\"height:40px\" aria-hidden=\"true\" class=\"wp-block-spacer\"><\/div>\n\n\n\n<h3 class=\"wp-block-heading has-text-align-center\">Ablauf der Partie<\/h3>\n\n\n\n<p class=\"has-text-align-center\"><strong>Sie tauchen ein in die Korridore der Zeit, wo sich Ihnen bis zu 30 T\u00fcren \u00f6ffnen, die jeweils einer Epoche zugeordnet sind. Hinter jeder T\u00fcr m\u00fcssen Sie eine Aufgabe erf\u00fcllen, die Sie durch Geschicklichkeit, Beobachtung und \u00dcberlegung innerhalb von 3 bis 5 Minuten l\u00f6sen k\u00f6nnen. <\/strong><\/p>\n\n\n\n<p class=\"has-text-align-center\"><strong>Ein Bildschirm zeigt Ihnen das Ziel der Mission an und Sie haben jedes Mal die Wahl zwischen drei Schwierigkeitsgraden (leicht, mittel, schwer).<\/strong><\/p>\n\n\n\n<div style=\"height:40px\" aria-hidden=\"true\" class=\"wp-block-spacer\"><\/div>\n\n\n\n<h3 class=\"wp-block-heading has-text-align-center\">Ende der Partie<\/h3>\n\n\n\n<p class=\"has-text-align-center\"><strong>Am Ende Ihrer Spielzeit wird das Armband deaktiviert. Gehen Sie nun in den Nachbesprechungsraum, wo Ihnen der<br\/>Professor Hashtag anzeigt, ob Sie genug Energie gesammelt haben, um in die Gegenwart zur\u00fcckzukehren. Vergessen Sie nicht zu l\u00e4cheln, denn Sie werden mit einem Andenken an Ihre Zeitreise nach Hause gehen.  <\/strong><\/p>\n\n\n\n<div style=\"height:60px\" aria-hidden=\"true\" class=\"wp-block-spacer\"><\/div>\n\n\n\n<div class=\"wp-block-columns is-layout-flex wp-container-core-columns-is-layout-9d6595d7 wp-block-columns-is-layout-flex\">\n<div class=\"wp-block-column is-layout-flow wp-block-column-is-layout-flow\">\n<h4 class=\"wp-block-heading\">Zeitstrategie<\/h4>\n\n\n\n<p>\u00dcber jeder T\u00fcr zeigt ein Lichtsignal an, ob der Zugang frei ist oder wie lange es dauert, bis er frei ist. Es liegt an Ihnen, Ihren Weg so zu planen, dass Sie Wartezeiten vermeiden und Ihre Spielzeit optimieren k\u00f6nnen. <\/p>\n<\/div>\n\n\n\n<div class=\"wp-block-column is-layout-flow wp-block-column-is-layout-flow\">\n<h4 class=\"wp-block-heading\">Wiederholen Sie<\/h4>\n\n\n\n<p>Aufgrund der vielen Kombinationen k\u00f6nnen Sie sicher sein, dass Sie nie den gleichen Weg gehen werden. Jede Runde wird anders sein. <\/p>\n<\/div>\n<\/div>\n<\/div><\/div>\n\n<div style=\"height:80px\" aria-hidden=\"true\" class=\"wp-block-spacer\"><\/div>\n\n<div style=\"height:60px\" aria-hidden=\"true\" class=\"wp-block-spacer\"><\/div>\n\n<div class=\"wp-block-group alignwide\"><div class=\"wp-block-group__inner-container is-layout-constrained wp-block-group-is-layout-constrained\">\n<div class=\"wp-block-columns is-layout-flex wp-container-core-columns-is-layout-9d6595d7 wp-block-columns-is-layout-flex\">\n<div class=\"wp-block-column is-layout-flow wp-block-column-is-layout-flow\">\n<p class=\"has-text-align-center\"><strong>An jeder T\u00fcr finden Sie ein Schild mit einer Zusammenfassung der F\u00e4higkeiten, die zum Bestehen der Pr\u00fcfung erforderlich sind.<\/strong><\/p>\n<\/div>\n\n\n\n<div class=\"wp-block-column is-layout-flow wp-block-column-is-layout-flow\">\n<p class=\"has-text-align-center\"><strong>In jedem Raum wird Ihnen auf einem Bildschirm das Ziel des Spiels angezeigt. Sie haben die Wahl zwischen 3 Schwierigkeitsgraden: leicht, mittel, schwer. <\/strong><\/p>\n<\/div>\n\n\n\n<div class=\"wp-block-column is-layout-flow wp-block-column-is-layout-flow\">\n<p class=\"has-text-align-center\"><strong>Die am Ende jeder Mission gesammelten Punkte werden in Form einer Batterie symbolisiert. Das Ziel ist einfach: Sammeln Sie so viel Energie wie m\u00f6glich, um in die Gegenwart zur\u00fcckzukehren. <\/strong><\/p>\n<\/div>\n<\/div>\n<\/div><\/div>\n","protected":false},"excerpt":{"rendered":"<p>alle Altersgruppen Da es sich um ein Teamspiel handelt, ist es sehr einfach, die Altersgruppen zu mischen, so dass j\u00fcngere Kinder zusammen mit \u00e4lteren Kindern teilnehmen k\u00f6nnen. Aufgrund der Mindestgr\u00f6\u00dfe f\u00fcr bestimmte Aufgaben ist Experimental Park f\u00fcr Kinder ab 8 Jahren geeignet. Unter Freunden Es gibt nichts Unterhaltsameres, als sich mit Freunden herauszufordern und mit [&hellip;]<\/p>\n","protected":false},"author":1,"featured_media":0,"parent":0,"menu_order":0,"comment_status":"closed","ping_status":"closed","template":"page-small-entete.php","meta":{"footnotes":""},"class_list":["post-540","page","type-page","status-publish","hentry"],"_links":{"self":[{"href":"https:\/\/xperimentalpark.com\/de\/wp-json\/wp\/v2\/pages\/540","targetHints":{"allow":["GET"]}}],"collection":[{"href":"https:\/\/xperimentalpark.com\/de\/wp-json\/wp\/v2\/pages"}],"about":[{"href":"https:\/\/xperimentalpark.com\/de\/wp-json\/wp\/v2\/types\/page"}],"author":[{"embeddable":true,"href":"https:\/\/xperimentalpark.com\/de\/wp-json\/wp\/v2\/users\/1"}],"replies":[{"embeddable":true,"href":"https:\/\/xperimentalpark.com\/de\/wp-json\/wp\/v2\/comments?post=540"}],"version-history":[{"count":1,"href":"https:\/\/xperimentalpark.com\/de\/wp-json\/wp\/v2\/pages\/540\/revisions"}],"predecessor-version":[{"id":541,"href":"https:\/\/xperimentalpark.com\/de\/wp-json\/wp\/v2\/pages\/540\/revisions\/541"}],"wp:attachment":[{"href":"https:\/\/xperimentalpark.com\/de\/wp-json\/wp\/v2\/media?parent=540"}],"curies":[{"name":"wp","href":"https:\/\/api.w.org\/{rel}","templated":true}]}}